{"id":5583,"date":"2020-05-01T15:47:24","date_gmt":"2020-05-01T14:47:24","guid":{"rendered":"http:\/\/www.anr36.fr\/?page_id=5583"},"modified":"2025-12-01T19:10:58","modified_gmt":"2025-12-01T18:10:58","slug":"les-liens","status":"publish","type":"page","link":"https:\/\/www.anr36.fr\/?page_id=5583","title":{"rendered":"Les liens"},"content":{"rendered":"\n<figure class=\"wp-block-table\"><table><tbody><tr><td><a href=\"https:\/\/www.anrsiege.fr\/\" target=\"_blank\" rel=\"noreferrer noopener\">ANR si\u00e8ge<\/a><\/td><td><a href=\"http:\/\/www.anrsiege-site.org\/forum\/index.php\" target=\"_blank\" rel=\"noreferrer noopener\">ANR forum<\/a><\/td><\/tr><tr><td><\/td><td><\/td><\/tr><tr><td><a href=\"https:\/\/www.laposte.fr\/\" target=\"_blank\" rel=\"noreferrer noopener\">La Poste<\/a><\/td><td><a href=\"https:\/\/www.labanquepostale.fr\/\" target=\"_blank\" rel=\"noreferrer noopener\">La Banque Postale<\/a><\/td><\/tr><tr><td><\/td><td><\/td><\/tr><tr><td><a href=\"https:\/\/www.orange.fr\/\" target=\"_blank\" rel=\"noreferrer noopener\">Orange<\/a><\/td><td><\/td><\/tr><tr><td><\/td><td><\/td><\/tr><tr><td><a href=\"https:\/\/www.lamutuellegenerale.fr\/\" target=\"_blank\" rel=\"noreferrer noopener\">La Mutuelle G\u00e9n\u00e9rale<\/a><\/td><td><a href=\"https:\/\/www.tutelaire.fr\" target=\"_blank\" rel=\"noreferrer noopener\">Tut\u00e9laire<\/a><\/td><\/tr><tr><td><\/td><td><\/td><\/tr><tr><td><a href=\"https:\/\/www.gmf.fr\/\" target=\"_blank\" rel=\"noreferrer noopener\">GMF<\/a><\/td><td><\/td><\/tr><tr><td><\/td><td><\/td><\/tr><tr><td><a href=\"https:\/\/societelitteraire.fr\/\" target=\"_blank\" rel=\"noreferrer noopener\">Soci\u00e9t\u00e9 Litt\u00e9raire<\/a><\/td><td><a href=\"http:\/\/cercle-genealogique.fr\/\" target=\"_blank\" rel=\"noreferrer noopener\">Cercle G\u00e9n\u00e9alogique<\/a><\/td><\/tr><tr><td><\/td><td><\/td><\/tr><tr><td><a href=\"https:\/\/www.touloisirs.fr\/\" target=\"_blank\" rel=\"noreferrer noopener\">Touloisirs<\/a> (ex Tourisme et culture)<\/td><td><a href=\"https:\/\/unass.fr\/\" target=\"_blank\" rel=\"noreferrer noopener\">UNASS<\/a><\/td><\/tr><tr><td><\/td><td><\/td><\/tr><tr><td><\/td><td><a href=\"https:\/\/chateauroux.asptt.com\/\" target=\"_blank\" rel=\"noreferrer noopener\">ASPTT Ch\u00e2teauroux<\/a><\/td><\/tr><tr><td><\/td><td><\/td><\/tr><tr><td><\/td><td><a rel=\"noreferrer noopener\" href=\"https:\/\/www.vacanciel.com\/\" target=\"_blank\">Vacanciel<\/a><\/td><\/tr><tr><td><\/td><td><\/td><\/tr><tr><td><a href=\"http:\/\/www.regioncentre-valdeloire.fr\/\" target=\"_blank\" rel=\"noreferrer noopener\">R\u00e9gion Centre-Val de Loire<\/a><\/td><td><a href=\"https:\/\/www.indre.fr\/\" target=\"_blank\" rel=\"noreferrer noopener\">D\u00e9partement de l&rsquo;Indre<\/a><\/td><\/tr><tr><td><\/td><td><\/td><\/tr><tr><td><a href=\"https:\/\/www.chateauroux-metropole.fr\/\" target=\"_blank\" rel=\"noreferrer noopener\">Ch\u00e2teauroux M\u00e9tropole<\/a><\/td><td><a href=\"http:\/\/www.archives36.fr\/\" target=\"_blank\" rel=\"noreferrer noopener\">Archives D\u00e9partementales de l&rsquo;Indre<\/a><\/td><\/tr><tr><td><\/td><td><\/td><\/tr><tr><td><a href=\"https:\/\/mediatheque.ville-chateauroux.fr\/\" target=\"_blank\" rel=\"noreferrer noopener\">Les Biblioth\u00e8ques de Ch\u00e2teauroux<\/a><\/td><td><a href=\"https:\/\/www.chateauroux-tourisme.com\/\" target=\"_blank\" rel=\"noreferrer noopener\">Office de tourisme de Ch\u00e2teauroux<\/a><\/td><\/tr><tr><td><\/td><td><\/td><\/tr><tr><td><a href=\"https:\/\/www.lanouvellerepublique.fr\/\" target=\"_blank\" rel=\"noreferrer noopener\">La Nouvelle R\u00e9publique<\/a><\/td><td><a href=\"https:\/\/www.berrichonne.net\/\" target=\"_blank\" rel=\"noreferrer noopener\">La Berrichonne Football<\/a><\/td><\/tr><tr><td><\/td><td><\/td><\/tr><tr><td><a href=\"http:\/\/www.meteofrance.com\/\" target=\"_blank\" rel=\"noreferrer noopener\">Meteo France<\/a><\/td><td><a href=\"http:\/\/www.mach36.fr\/\" target=\"_blank\" rel=\"noreferrer noopener\">M.A.CH 36<\/a><\/td><\/tr><tr><td><\/td><td><\/td><\/tr><tr><td><a href=\"https:\/\/www.clubmicrosaintmaur.info\/\" target=\"_blank\" rel=\"noreferrer noopener\">Club Micro Saint-Maur<\/a><\/td><td><\/td><\/tr><tr><td><\/td><td><\/td><\/tr><\/tbody><\/table><\/figure>\n","protected":false},"excerpt":{"rendered":"<p>ANR si\u00e8ge ANR forum La Poste La Banque Postale Orange La Mutuelle G\u00e9n\u00e9rale Tut\u00e9laire GMF Soci\u00e9t\u00e9 Litt\u00e9raire Cercle G\u00e9n\u00e9alogique Touloisirs (ex Tourisme et culture) UNASS ASPTT Ch\u00e2teauroux Vacanciel R\u00e9gion Centre-Val de Loire D\u00e9partement de l&rsquo;Indre Ch\u00e2teauroux M\u00e9tropole Archives D\u00e9partementales de l&rsquo;Indre Les Biblioth\u00e8ques de Ch\u00e2teauroux Office de tourisme de Ch\u00e2teauroux La Nouvelle R\u00e9publique La Berrichonne [&hellip;]<\/p>\n","protected":false},"author":1,"featured_media":0,"parent":0,"menu_order":6,"comment_status":"closed","ping_status":"closed","template":"","meta":{"ocean_post_layout":"","ocean_both_sidebars_style":"","ocean_both_sidebars_content_width":0,"ocean_both_sidebars_sidebars_width":0,"ocean_sidebar":"","ocean_second_sidebar":"","ocean_disable_margins":"enable","ocean_add_body_class":"","ocean_shortcode_before_top_bar":"","ocean_shortcode_after_top_bar":"","ocean_shortcode_before_header":"","ocean_shortcode_after_header":"","ocean_has_shortcode":"","ocean_shortcode_after_title":"","ocean_shortcode_before_footer_widgets":"","ocean_shortcode_after_footer_widgets":"","ocean_shortcode_before_footer_bottom":"","ocean_shortcode_after_footer_bottom":"","ocean_display_top_bar":"default","ocean_display_header":"default","ocean_header_style":"","ocean_center_header_left_menu":"","ocean_custom_header_template":"","ocean_custom_logo":0,"ocean_custom_retina_logo":0,"ocean_custom_logo_max_width":0,"ocean_custom_logo_tablet_max_width":0,"ocean_custom_logo_mobile_max_width":0,"ocean_custom_logo_max_height":0,"ocean_custom_logo_tablet_max_height":0,"ocean_custom_logo_mobile_max_height":0,"ocean_header_custom_menu":"","ocean_menu_typo_font_family":"","ocean_menu_typo_font_subset":"","ocean_menu_typo_font_size":0,"ocean_menu_typo_font_size_tablet":0,"ocean_menu_typo_font_size_mobile":0,"ocean_menu_typo_font_size_unit":"px","ocean_menu_typo_font_weight":"","ocean_menu_typo_font_weight_tablet":"","ocean_menu_typo_font_weight_mobile":"","ocean_menu_typo_transform":"","ocean_menu_typo_transform_tablet":"","ocean_menu_typo_transform_mobile":"","ocean_menu_typo_line_height":0,"ocean_menu_typo_line_height_tablet":0,"ocean_menu_typo_line_height_mobile":0,"ocean_menu_typo_line_height_unit":"","ocean_menu_typo_spacing":0,"ocean_menu_typo_spacing_tablet":0,"ocean_menu_typo_spacing_mobile":0,"ocean_menu_typo_spacing_unit":"","ocean_menu_link_color":"","ocean_menu_link_color_hover":"","ocean_menu_link_color_active":"","ocean_menu_link_background":"","ocean_menu_link_hover_background":"","ocean_menu_link_active_background":"","ocean_menu_social_links_bg":"","ocean_menu_social_hover_links_bg":"","ocean_menu_social_links_color":"","ocean_menu_social_hover_links_color":"","ocean_disable_title":"default","ocean_disable_heading":"default","ocean_post_title":"","ocean_post_subheading":"","ocean_post_title_style":"","ocean_post_title_background_color":"","ocean_post_title_background":0,"ocean_post_title_bg_image_position":"","ocean_post_title_bg_image_attachment":"","ocean_post_title_bg_image_repeat":"","ocean_post_title_bg_image_size":"","ocean_post_title_height":0,"ocean_post_title_bg_overlay":0.5,"ocean_post_title_bg_overlay_color":"","ocean_disable_breadcrumbs":"default","ocean_breadcrumbs_color":"","ocean_breadcrumbs_separator_color":"","ocean_breadcrumbs_links_color":"","ocean_breadcrumbs_links_hover_color":"","ocean_display_footer_widgets":"default","ocean_display_footer_bottom":"default","ocean_custom_footer_template":"","two_page_speed":[],"footnotes":""},"class_list":["post-5583","page","type-page","status-publish","hentry","entry"],"_links":{"self":[{"href":"https:\/\/www.anr36.fr\/index.php?rest_route=\/wp\/v2\/pages\/5583","targetHints":{"allow":["GET"]}}],"collection":[{"href":"https:\/\/www.anr36.fr\/index.php?rest_route=\/wp\/v2\/pages"}],"about":[{"href":"https:\/\/www.anr36.fr\/index.php?rest_route=\/wp\/v2\/types\/page"}],"author":[{"embeddable":true,"href":"https:\/\/www.anr36.fr\/index.php?rest_route=\/wp\/v2\/users\/1"}],"replies":[{"embeddable":true,"href":"https:\/\/www.anr36.fr\/index.php?rest_route=%2Fwp%2Fv2%2Fcomments&post=5583"}],"version-history":[{"count":33,"href":"https:\/\/www.anr36.fr\/index.php?rest_route=\/wp\/v2\/pages\/5583\/revisions"}],"predecessor-version":[{"id":13513,"href":"https:\/\/www.anr36.fr\/index.php?rest_route=\/wp\/v2\/pages\/5583\/revisions\/13513"}],"wp:attachment":[{"href":"https:\/\/www.anr36.fr\/index.php?rest_route=%2Fwp%2Fv2%2Fmedia&parent=5583"}],"curies":[{"name":"wp","href":"https:\/\/api.w.org\/{rel}","templated":true}]}}