{"id":525,"date":"2014-02-01T15:21:31","date_gmt":"2014-02-01T14:21:31","guid":{"rendered":"http:\/\/www.anr36.fr\/anr\/?page_id=525"},"modified":"2025-12-01T18:58:22","modified_gmt":"2025-12-01T17:58:22","slug":"social-et-loisirs","status":"publish","type":"page","link":"https:\/\/www.anr36.fr\/?page_id=525","title":{"rendered":"Social et loisirs"},"content":{"rendered":"<h3><img loading=\"lazy\" decoding=\"async\" class=\"wp-image-526 alignright\" src=\"https:\/\/www.anr36.fr\/anr\/wp-content\/uploads\/2014\/02\/logo-1.gif\" alt=\"logo (1)\" width=\"166\" height=\"95\" \/><strong>Pour les retrait\u00e9s de la Poste<\/strong><\/h3>\n<p>Le Portail Malin, site de l&rsquo;action sociale. Pour vous connecter sur le site Portail Malin cliquer sur le lien ci-dessous:<\/p>\n<p><span style=\"color: #339966;\"><a href=\"http:\/\/www.portail-malin.com\" target=\"_blank\" rel=\"noopener noreferrer\">Portail Malin<\/a><\/span><a href=\"http:\/\/www.portail-malin.com\" target=\"_blank\" rel=\"noopener noreferrer\"><br \/><\/a><\/p>\n<p>Identifiant : offre, mot de passe : sociale<\/p>\n<h3><img loading=\"lazy\" decoding=\"async\" class=\"wp-image-529 alignright\" src=\"https:\/\/www.anr36.fr\/anr\/wp-content\/uploads\/2014\/02\/signature-votre-Ce-retrait\u00e9s.jpg\" alt=\"signature-votre-Ce-retrait\u00e9s\" width=\"155\" height=\"87\" \/>Pour les retrait\u00e9s de France Telecom<\/h3>\n<p>Le portail Internet \u00ab\u00a0Guichet Unique\u00a0\u00bb des CE FT Orange et du CCUES. Ce portail a \u00e9t\u00e9 con\u00e7u pour vous, salari\u00e9s et retrait\u00e9s de l&rsquo;UES France T\u00e9l\u00e9com SA &#8211; Orange. Il permet aux Comit\u00e9s d&rsquo;\u00e9tablissement et au Comit\u00e9 Central de l\u2019UES de: <span style=\"color: #20afba;\">\u2022<\/span><span style=\"line-height: 1.4em;\">\u00a0vous proposer des prestations et des Activit\u00e9s Sociales et Culturelles <\/span><span style=\"color: #20afba;\">\u2022<\/span><span style=\"line-height: 1.4em;\">\u00a0vous informer sur les Activit\u00e9s \u00c9conomiques et Professionnelles men\u00e9es par les instances pour d\u00e9fendre vos droits au sein de l&rsquo;entreprise, et vous assurer de la solidit\u00e9 de l&rsquo;engagement des \u00e9lus \u00e0 vos c\u00f4t\u00e9s.<\/span><\/p>\n<p>Pour vous connecter sur le site, cliquer sur le lien ci-dessous:<\/p>\n<p><span style=\"color: #339966;\"><a href=\"http:\/\/www.ce-orange.fr\" target=\"_blank\" rel=\"noopener noreferrer\"><span style=\"color: #339966;\">CE France Telecom<\/span><\/a><\/span><\/p>\n<h3>Pour tous les retrait\u00e9s<img loading=\"lazy\" decoding=\"async\" class=\" wp-image-5624 alignright\" src=\"https:\/\/www.anr36.fr\/anr\/wp-content\/uploads\/2020\/05\/ANR-2020.png\" alt=\"\" width=\"81\" height=\"76\" \/><\/h3>\n<p>L&rsquo;espace adh\u00e9rents de l&rsquo;ANR Si\u00e8ge.<br \/>Adh\u00e9rentes et adh\u00e9rents de l&rsquo;ANR, vous trouverez dans cet espace qui vous est r\u00e9serv\u00e9 des informations concernant l&rsquo;actualit\u00e9\u00a0de notre association mais aussi vos droits. Vous pourrez \u00e9galement acc\u00e9der \u00e0 de la documentation et \u00e0 des informations mettant en lumi\u00e8re des\u00a0initiatives remarquables de groupes ANR d\u00e9partementaux.<\/p>\n<p>Pour vous connecter \u00e0 partir de la page d&rsquo;accueil du site<span style=\"color: #339966;\"> <a href=\"http:\/\/www.anrsiege.fr\" target=\"_blank\" rel=\"noopener noreferrer\"><span style=\"color: #339966;\">ANR<\/span><\/a><\/span> cliquer sur le pav\u00e9 jaune acc\u00e8s Espace des Adh\u00e9rents et indiquer l&rsquo;identifiant: adherent. Pour le mot de passe merci de vous adresser au secr\u00e9tariat d\u00e9partemental de l&rsquo;ANR.<\/p>\n<h3>\u00a0<\/h3>\n<h3>\u00a0<\/h3>\n<h3><img loading=\"lazy\" decoding=\"async\" class=\"wp-image-531 alignright\" src=\"https:\/\/www.anr36.fr\/anr\/wp-content\/uploads\/2014\/02\/logo_ancv.gif\" alt=\"logo_ancv\" width=\"120\" height=\"80\" \/>Seniors en Vacances<\/h3>\n<p>Seniors en Vacances est un programme de l&rsquo;Agence Nationale pour les Ch\u00e8ques-Vacances (ANCV). Il permet aux personnes de 60 ans et plus (55 ans et plus pour les personnes en situation de handicap), n&rsquo;exer\u00e7ant plus d&rsquo;activit\u00e9s professionnelles, de partir en vacances sur pr\u00e8s de 150 destinations en France \u00e0 petit prix. Les s\u00e9jours d&rsquo;une \u00e0 deux semaines sont propos\u00e9s \u00e0 un tarif unique, auquel peut s&rsquo;ajouter une aide de l&rsquo;ANCV si la condition suivante est remplie: sur votre avis d&rsquo;imposition, la ligne \u00ab\u00a0imp\u00f4ts sur le revenu net avant corrections\u00a0\u00bb doit \u00eatre strictement inf\u00e9rieure \u00e0 61 \u20ac.<br \/>Pour vous inscrire au programme Seniors en Vacances, contacter le Secr\u00e9tariat de l&rsquo;ANR.<\/p>\n<p>Pour vous connecter sur le site, cliquer sur le lien ci-dessous:<\/p>\n<p><span style=\"color: #339966;\"><a href=\"http:\/\/www.ancv.com\" target=\"_blank\" rel=\"noopener noreferrer\"><span style=\"color: #339966;\">ANCV<\/span><\/a><\/span><\/p>\n<h3>\u00a0<\/h3>\n<h3>\u00a0<\/h3>\n<h3><img loading=\"lazy\" decoding=\"async\" class=\"wp-image-534 alignright\" src=\"https:\/\/www.anr36.fr\/anr\/wp-content\/uploads\/2014\/02\/logo-1.png\" alt=\"logo (1)\" width=\"114\" height=\"88\" \/>Azur\u00e8va<\/h3>\n<p>Azur\u00e8va pour des vacances au meilleur rapport qualit\u00e9\/prix. Depuis le premier village de vacances fond\u00e9 en 1952 r\u00e9serv\u00e9 aux salari\u00e9(e)s de La Poste\/France Telecom jusqu&rsquo;\u00e0 son ouverture en 2001, sous le nom d&rsquo;azur\u00e8va, l&rsquo;association a su \u00e9voluer dans le tourisme social et familial tout en restant fid\u00e8le a ses valeurs. \u00a0Azur\u00e8va valorise la qualit\u00e9 de l&rsquo;accueil et des services, la convivialit\u00e9, am\u00e9liore sans cesse la qualit\u00e9, s&rsquo;inscrit dans une d\u00e9marche de d\u00e9veloppement durable et enrichit son offre par de nouveaux services.<\/p>\n<p>Pour vous connecter sur le site Azur\u00e8va, cliquer sur le lien ci-dessous:<\/p>\n<p><span style=\"color: #339966;\"><a href=\"http:\/\/www.azureva-vacances.com\" target=\"_blank\" rel=\"noopener noreferrer\"><span style=\"color: #339966;\">Azur\u00e8va<\/span><\/a><\/span><\/p>\n<h3><strong><img loading=\"lazy\" decoding=\"async\" class=\"wp-image-537 alignright\" src=\"https:\/\/www.anr36.fr\/anr\/wp-content\/uploads\/2014\/02\/Logo_APCLD_petit-300x171.png\" alt=\"Logo_APCLD_petit\" width=\"168\" height=\"96\" srcset=\"https:\/\/www.anr36.fr\/anr\/wp-content\/uploads\/2014\/02\/Logo_APCLD_petit-300x171.png 300w, https:\/\/www.anr36.fr\/anr\/wp-content\/uploads\/2014\/02\/Logo_APCLD_petit-500x286.png 500w, https:\/\/www.anr36.fr\/anr\/wp-content\/uploads\/2014\/02\/Logo_APCLD_petit.png 666w\" sizes=\"auto, (max-width: 168px) 100vw, 168px\" \/>L&rsquo;APCLD<\/strong><\/h3>\n<p><span style=\"line-height: 1.4em;\">La vocation premi\u00e8re de l\u2019APCLD, lors de sa cr\u00e9ation, \u00e9tait de\u00a0<\/span><strong style=\"line-height: 1.4em;\">vaincre la solitude, l\u2019isolement et la maladie<\/strong><span style=\"line-height: 1.4em;\">.<br \/><\/span>Aujourd\u2019hui plus que jamais, l\u2019APCLD est pr\u00e9sente pour les salari\u00e9s et retrait\u00e9s malades et\/ou en situation de \u00a0handicap, de m\u00e9tropole et des d\u00e9partements d\u2019Outre-mer.\u00a0Les b\u00e9n\u00e9voles apportent\u00a0<b>\u00a0<\/b><strong>soutien psychologique et\u00a0 r\u00e9confort moral<\/strong>, aussi bien sous la forme de visites \u00e0 domicile ou \u00e0 l\u2019h\u00f4pital, d\u2019accompagnement lors de consultations m\u00e9dicales, de d\u00e9marches ou d\u2019entretiens t\u00e9l\u00e9phoniques, messages\u2026<br \/>Aider une personne malade ou en situation de handicap, c\u2019est aussi prendre en compte la dimension humaine et familiale.<br \/>Parall\u00e8lement \u00e0 cette mission d\u2019aide directe, l\u2019APCLD a toujours lutt\u00e9 contre la maladie en organisant\u00a0<strong>des campagnes de pr\u00e9vention<\/strong>\u00a0et en\u00a0<strong>soutenant la recherche<\/strong>\u00a0(tuberculose, VIH, cancer, alimentation\u2026).\u00a0Par ailleurs, le comit\u00e9 d\u2019honneur m\u00e9dical et scientifique pr\u00e9sid\u00e9 par le\u00a0<strong>Professeur Christian Cabrol<\/strong>, soutient l\u2019APCLD dans ses actions. Les professeurs de m\u00e9decine qui le composent sont des r\u00e9f\u00e9rents pour l\u2019association dans des domaines vari\u00e9s tels que la cardiologie, l\u2019urologie, l\u2019oncologie, la diab\u00e9tologie, la neurochirurgie ou la sant\u00e9 mentale<br \/><strong style=\"line-height: 1.4em;\">Depuis sa cr\u00e9ation, la solidarit\u00e9 et l\u2019humain ont toujours \u00e9t\u00e9 au c\u0153ur des pr\u00e9occupations de l\u2019APCLD.<br \/><\/strong>L&rsquo;APCLD dispose de cinq appartements \u00e0 Paris et d&rsquo;un appartement \u00e0 Limoges qui peuvent vous h\u00e9berger lors de vos visites \u00e0 un malade.<\/p>\n<p>Pour tout renseignement, vous pouvez contacter la correspondante d\u00e9partementale:<br \/>Claudette BEIGNEUX<br \/>22 rue Bergson Appartement 5<br \/>36000 CHATEAUROUX<br \/>T\u00e9l\u00e9phone: 06 45 63 56 63\u00a0<strong style=\"line-height: 1.4em;\">\u00a0<\/strong><\/p>\n<p>Pour vous connecter sur le site de l&rsquo;APCLD, cliquer le lien ci-dessous:<\/p>\n<p><span style=\"color: #339966;\"><a href=\"http:\/\/www.apcld.fr\" target=\"_blank\" rel=\"noopener noreferrer\"><span style=\"color: #339966;\">APCLD<\/span><\/a><\/span><\/p>\n<h3>L&rsquo;Organisme d&rsquo;Entraide (ODE) du personnel des PTT de l&rsquo;Indre :<\/h3>\n<p>Vous pouvez obtenir une r\u00e9duction sur les billets d&rsquo;entr\u00e9e dans les parcs suivants:<br \/>Zoo de Beauval -Pal -Vulcania -Parc animalier de la Haute Touche -Futuroscope -Eurodisney<\/p>\n<p>Vous pouvez aussi obtenir un tarif CE sur certains spectacles du M.A.CH 36 et sur les billets de cin\u00e9ma.<\/p>\n<p>Pour tout renseignement vous pouvez vous adresser \u00e0 la responsable de l&rsquo;ODE<\/p>\n<p style=\"text-align: center;\">Francine LOTHE-TRONYO<br \/>3 All\u00e9e de la croix PEROLAT<br \/>Les Loges de Dressais<br \/>36120 ARDENTES<\/p>\n<p style=\"text-align: center;\">0683748455<\/p>\n<p>L&rsquo; ODEPPTT36 dispose maintenant d&rsquo;un site internet \u00e0 l&rsquo;adresse suivante:<\/p>\n<p><a href=\"http:\/\/odepptt36.monsite-orange.fr\" target=\"_blank\" rel=\"noopener noreferrer\">odepptt36.monsite-orange.fr<\/a><\/p>\n<h3>DICOLOVA<img loading=\"lazy\" decoding=\"async\" class=\"size-medium wp-image-4231 alignright\" src=\"https:\/\/www.anr36.fr\/anr\/wp-content\/uploads\/2019\/03\/Dicolova-300x75.png\" alt=\"\" width=\"300\" height=\"75\" srcset=\"https:\/\/www.anr36.fr\/anr\/wp-content\/uploads\/2019\/03\/Dicolova-300x75.png 300w, https:\/\/www.anr36.fr\/anr\/wp-content\/uploads\/2019\/03\/Dicolova-500x125.png 500w, https:\/\/www.anr36.fr\/anr\/wp-content\/uploads\/2019\/03\/Dicolova.png 600w\" sizes=\"auto, (max-width: 300px) 100vw, 300px\" \/><\/h3>\n<p>Le site de la f\u00e9d\u00e9ration nationale des comit\u00e9s des \u0153uvres sociales du personnel de la Poste et d&rsquo; Orange.<\/p>\n<p>Pour tout renseignement sur votre COS, vos vacances, votre billetterie&#8230;<\/p>\n<p><a href=\"http:\/\/dicolova.com\" target=\"_blank\" rel=\"noopener noreferrer\">dicolova<\/a><\/p>\n\n\n<p><\/p>\n","protected":false},"excerpt":{"rendered":"<p>Pour les retrait\u00e9s de la Poste Le Portail Malin, site de l&rsquo;action sociale. Pour vous connecter sur le site Portail Malin cliquer sur le lien ci-dessous: Portail Malin Identifiant : offre, mot de passe : sociale Pour les retrait\u00e9s de France Telecom Le portail Internet \u00ab\u00a0Guichet Unique\u00a0\u00bb des CE FT Orange et du CCUES. Ce [&hellip;]<\/p>\n","protected":false},"author":1,"featured_media":0,"parent":0,"menu_order":4,"comment_status":"closed","ping_status":"open","template":"","meta":{"ocean_post_layout":"","ocean_both_sidebars_style":"","ocean_both_sidebars_content_width":0,"ocean_both_sidebars_sidebars_width":0,"ocean_sidebar":"","ocean_second_sidebar":"","ocean_disable_margins":"enable","ocean_add_body_class":"","ocean_shortcode_before_top_bar":"","ocean_shortcode_after_top_bar":"","ocean_shortcode_before_header":"","ocean_shortcode_after_header":"","ocean_has_shortcode":"","ocean_shortcode_after_title":"","ocean_shortcode_before_footer_widgets":"","ocean_shortcode_after_footer_widgets":"","ocean_shortcode_before_footer_bottom":"","ocean_shortcode_after_footer_bottom":"","ocean_display_top_bar":"default","ocean_display_header":"default","ocean_header_style":"","ocean_center_header_left_menu":"","ocean_custom_header_template":"","ocean_custom_logo":0,"ocean_custom_retina_logo":0,"ocean_custom_logo_max_width":0,"ocean_custom_logo_tablet_max_width":0,"ocean_custom_logo_mobile_max_width":0,"ocean_custom_logo_max_height":0,"ocean_custom_logo_tablet_max_height":0,"ocean_custom_logo_mobile_max_height":0,"ocean_header_custom_menu":"","ocean_menu_typo_font_family":"","ocean_menu_typo_font_subset":"","ocean_menu_typo_font_size":0,"ocean_menu_typo_font_size_tablet":0,"ocean_menu_typo_font_size_mobile":0,"ocean_menu_typo_font_size_unit":"px","ocean_menu_typo_font_weight":"","ocean_menu_typo_font_weight_tablet":"","ocean_menu_typo_font_weight_mobile":"","ocean_menu_typo_transform":"","ocean_menu_typo_transform_tablet":"","ocean_menu_typo_transform_mobile":"","ocean_menu_typo_line_height":0,"ocean_menu_typo_line_height_tablet":0,"ocean_menu_typo_line_height_mobile":0,"ocean_menu_typo_line_height_unit":"","ocean_menu_typo_spacing":0,"ocean_menu_typo_spacing_tablet":0,"ocean_menu_typo_spacing_mobile":0,"ocean_menu_typo_spacing_unit":"","ocean_menu_link_color":"","ocean_menu_link_color_hover":"","ocean_menu_link_color_active":"","ocean_menu_link_background":"","ocean_menu_link_hover_background":"","ocean_menu_link_active_background":"","ocean_menu_social_links_bg":"","ocean_menu_social_hover_links_bg":"","ocean_menu_social_links_color":"","ocean_menu_social_hover_links_color":"","ocean_disable_title":"default","ocean_disable_heading":"default","ocean_post_title":"","ocean_post_subheading":"","ocean_post_title_style":"","ocean_post_title_background_color":"","ocean_post_title_background":0,"ocean_post_title_bg_image_position":"","ocean_post_title_bg_image_attachment":"","ocean_post_title_bg_image_repeat":"","ocean_post_title_bg_image_size":"","ocean_post_title_height":0,"ocean_post_title_bg_overlay":0.5,"ocean_post_title_bg_overlay_color":"","ocean_disable_breadcrumbs":"default","ocean_breadcrumbs_color":"","ocean_breadcrumbs_separator_color":"","ocean_breadcrumbs_links_color":"","ocean_breadcrumbs_links_hover_color":"","ocean_display_footer_widgets":"default","ocean_display_footer_bottom":"default","ocean_custom_footer_template":"","two_page_speed":[],"footnotes":""},"class_list":["post-525","page","type-page","status-publish","hentry","entry"],"_links":{"self":[{"href":"https:\/\/www.anr36.fr\/index.php?rest_route=\/wp\/v2\/pages\/525","targetHints":{"allow":["GET"]}}],"collection":[{"href":"https:\/\/www.anr36.fr\/index.php?rest_route=\/wp\/v2\/pages"}],"about":[{"href":"https:\/\/www.anr36.fr\/index.php?rest_route=\/wp\/v2\/types\/page"}],"author":[{"embeddable":true,"href":"https:\/\/www.anr36.fr\/index.php?rest_route=\/wp\/v2\/users\/1"}],"replies":[{"embeddable":true,"href":"https:\/\/www.anr36.fr\/index.php?rest_route=%2Fwp%2Fv2%2Fcomments&post=525"}],"version-history":[{"count":83,"href":"https:\/\/www.anr36.fr\/index.php?rest_route=\/wp\/v2\/pages\/525\/revisions"}],"predecessor-version":[{"id":13511,"href":"https:\/\/www.anr36.fr\/index.php?rest_route=\/wp\/v2\/pages\/525\/revisions\/13511"}],"wp:attachment":[{"href":"https:\/\/www.anr36.fr\/index.php?rest_route=%2Fwp%2Fv2%2Fmedia&parent=525"}],"curies":[{"name":"wp","href":"https:\/\/api.w.org\/{rel}","templated":true}]}}