{"id":4520,"date":"2024-12-11T09:06:33","date_gmt":"2024-12-11T08:06:33","guid":{"rendered":"http:\/\/www.anr36.fr\/?page_id=4520"},"modified":"2024-12-11T10:56:49","modified_gmt":"2024-12-11T09:56:49","slug":"indre-2019","status":"publish","type":"page","link":"https:\/\/www.anr36.fr\/?page_id=4520","title":{"rendered":"Le groupe Indre"},"content":{"rendered":"\n<p><br><\/p>\n\n\n\n<p><\/p>\n\n\n\n<p>Nos coordonn\u00e9es:<\/p>\n\n\n<div class=\"wp-block-image\">\n<figure class=\"alignright\"><a href=\"https:\/\/www.anr36.fr\/anr\/wp-content\/uploads\/2014\/09\/SAM_2626-1.jpg\"><img loading=\"lazy\" decoding=\"async\" width=\"225\" height=\"300\" src=\"https:\/\/www.anr36.fr\/anr\/wp-content\/uploads\/2014\/09\/SAM_2626-1-225x300.jpg\" alt=\"Ch\u00e2teau Raoul\" class=\"wp-image-1179\" srcset=\"https:\/\/www.anr36.fr\/anr\/wp-content\/uploads\/2014\/09\/SAM_2626-1-225x300.jpg 225w, https:\/\/www.anr36.fr\/anr\/wp-content\/uploads\/2014\/09\/SAM_2626-1.jpg 768w\" sizes=\"auto, (max-width: 225px) 100vw, 225px\" \/><\/a><\/figure>\n<\/div>\n\n\n<p>ANR36 Maison des Associations Bureau n\u00b04<br>34 Espace Mend\u00e8s France<br>36000 CHATEAUROUX<br>Tel 02 54 27 62 64<br>E-mail&nbsp; <a href=\"mailto:anr36@orange.fr\">anr36@orange.fr<\/a><\/p>\n\n\n\n<div style=\"height:50px\" aria-hidden=\"true\" class=\"wp-block-spacer\"><\/div>\n\n\n\n<p><\/p>\n\n\n\n<p>Le groupe Indre en chiffres au 31 d\u00e9cembre 2024:<\/p>\n\n\n\n<p><br>C<a href=\"https:\/\/www.anr36.fr\/anr\/wp-content\/uploads\/2024\/04\/CR-AD-2024-1.pdf\">ompte Rendu-Assembl\u00e9e depart -2024-1.<\/a><\/p>\n\n\n\n<div style=\"height:100px\" aria-hidden=\"true\" class=\"wp-block-spacer\"><\/div>\n\n\n\n<p>Composition du Comit\u00e9 D\u00e9partemental du Groupe 36 du 11 d\u00e9cembre  2024<\/p>\n\n\n\n<figure class=\"wp-block-table is-style-regular\"><table><tbody><tr><td class=\"has-text-align-left\" data-align=\"left\">                                                 <strong>Le Bureau<\/strong><\/td><td><\/td><\/tr><tr><td class=\"has-text-align-left\" data-align=\"left\">Pr\u00e9sident<\/td><td>Jean-Paul TISSIER<\/td><\/tr><tr><td class=\"has-text-align-left\" data-align=\"left\">Responsable voyages \u00e0 l&rsquo;\u00e9tranger<\/td><td>Jean-Paul TISSIER<\/td><\/tr><tr><td class=\"has-text-align-left\" data-align=\"left\">Secr\u00e9taire <\/td><td>Patricia DURANTON<\/td><\/tr><tr><td class=\"has-text-align-left\" data-align=\"left\">Secr\u00e9taire adjointe Resp .Voyages ANCV<\/td><td>Jo\u00eblle LUNEAU<\/td><\/tr><tr><td class=\"has-text-align-left\" data-align=\"left\">Tr\u00e9sori\u00e8re<\/td><td>Janine MANOEL<\/td><\/tr><tr><td class=\"has-text-align-left\" data-align=\"left\">Responsable du site internet <\/td><td>Jean-Michel GAGNADOUX<\/td><\/tr><tr><td class=\"has-text-align-left\" data-align=\"left\">Ambassadrice Amicale-Vie<\/td><td>Madeleine JOLLY <\/td><\/tr><tr><td class=\"has-text-align-left\" data-align=\"left\">Permanence du mardi<\/td><td> Madeleine JOLLY <\/td><\/tr><tr><td class=\"has-text-align-left\" data-align=\"left\">                                                                 <strong>Le comit\u00e9<\/strong><\/td><td><\/td><\/tr><tr><td class=\"has-text-align-left\" data-align=\"left\"><em>Les membres<\/em><\/td><td>Jean BERGUER<\/td><\/tr><tr><td class=\"has-text-align-left\" data-align=\"left\"><\/td><td>Guy MARTINEZ<\/td><\/tr><tr><td class=\"has-text-align-left\" data-align=\"left\"><\/td><td>Suzanne CHAMBLET<\/td><\/tr><tr><td class=\"has-text-align-left\" data-align=\"left\">                                                 <em><strong>Les responsables d&rsquo;activit\u00e9s<\/strong><\/em><\/td><td><\/td><\/tr><tr><td class=\"has-text-align-left\" data-align=\"left\">Sorties Champ\u00eatres<\/td><td>fran\u00e7ois JOLLY<\/td><\/tr><tr><td class=\"has-text-align-left\" data-align=\"left\"><\/td><td>Jean-Claude MARQUET<\/td><\/tr><tr><td class=\"has-text-align-left\" data-align=\"left\">Responsable Cyclisme<\/td><td>Jean-Claude LOGIE<\/td><\/tr><tr><td class=\"has-text-align-left\" data-align=\"left\"><\/td><td>Jean-Marie PROT<\/td><\/tr><tr><td class=\"has-text-align-left\" data-align=\"left\">Responsable Marches du mardi et Sorties Champ\u00eatres<\/td><td>Jacques RODIER<\/td><\/tr><tr><td class=\"has-text-align-left\" data-align=\"left\">Responsable Scrabble<\/td><td>Jacqueline VILLESANGE<\/td><\/tr><tr><td class=\"has-text-align-left\" data-align=\"left\"><em>Les contr\u00f4leurs aux comptes<\/em><\/td><td>Jean-Paul NOC<\/td><\/tr><tr><td class=\"has-text-align-left\" data-align=\"left\"><\/td><td>Jean BLINET<\/td><\/tr><\/tbody><\/table><\/figure>\n\n\n\n<p><\/p>\n\n\n\n<p>Le fonctionnement du groupe &nbsp;Indre:<\/p>\n\n\n\n<p>-Le bureau (le pr\u00e9sident, les secr\u00e9taires et les tr\u00e9soriers) se r\u00e9unit 2 fois par an. Il assure la gestion au quotidien et la bonne marche de l&rsquo;association.<\/p>\n\n\n\n<p>-Le comit\u00e9 se r\u00e9unit 5 fois par an pour faire le bilan des activit\u00e9s pass\u00e9es et pr\u00e9parer les activit\u00e9s \u00e0 venir. Suite \u00e0 ces r\u00e9unions, un bulletin d&rsquo;information est r\u00e9dig\u00e9 et adress\u00e9 \u00e0 tous les adh\u00e9rents.<\/p>\n\n\n\n<p>&#8211;Le site est mis \u00e0 jour r\u00e9guli\u00e8rement par Jean-Michel GAGNADOUX . Ce site a \u00e9t\u00e9 cr\u00e9\u00e9 en \u00e9troite collaboration avec un adh\u00e9rent f\u00e9ru d&rsquo;informatique.<\/p>\n\n\n\n<p>-Une fois par an, les commissaires aux comptes Jean-Paul NOC et Jean BLINET v\u00e9rifient et valident la comptabilit\u00e9.<\/p>\n\n\n\n<p>-Le loto et la belote sont organis\u00e9s par Jean BERGUER , Jean-Michel GAGNADOUX et Jean-Claude MARQUET.<\/p>\n\n\n\n<p>&#8211;les marches sont pr\u00e9par\u00e9es sur le secteur d&rsquo;Argenton par Jean-Claude MARQUET, sur le secteur de Buzan\u00e7ais par Fran\u00e7ois JOLLY, sur le secteur d&rsquo;Issoudun par Jean-Paul TISSIER et sur le secteur de La Ch\u00e2tre par Dominique COURZADET. Ils sont bien s\u00fbr assist\u00e9s par des adh\u00e9rents du secteur concern\u00e9. <\/p>\n\n\n\n<p>-Les marches du mardi sur le secteur Ch\u00e2teauroux Le Poin\u00e7onnet sont conduites par Jacques RODIER.<\/p>\n\n\n\n<p>-Le scrabble est anim\u00e9 par Jacqueline VILLESANGE. <\/p>\n\n\n\n<p>-Les sorties cyclisme sont pr\u00e9par\u00e9es par Jean-Claude LOGIE.<\/p>\n\n\n\n<p>-Tous les membres du comit\u00e9 participent en fin d&rsquo;ann\u00e9e \u00e0 la distribution des chocolats en rendant visite \u00e0 nos a\u00een\u00e9s ayant plus de 83 ans.et un courrier est envoy\u00e9s pour leur anniversaires par Jean-Michel GAGNADOUX<\/p>\n","protected":false},"excerpt":{"rendered":"<p>Nos coordonn\u00e9es: ANR36 Maison des Associations Bureau n\u00b0434 Espace Mend\u00e8s France36000 CHATEAUROUXTel 02 54 27 62 64E-mail&nbsp; anr36@orange.fr Le groupe Indre en chiffres au 31 d\u00e9cembre 2024: Compte Rendu-Assembl\u00e9e depart -2024-1. Composition du Comit\u00e9 D\u00e9partemental du Groupe 36 du 11 d\u00e9cembre 2024 Le Bureau Pr\u00e9sident Jean-Paul TISSIER Responsable voyages \u00e0 l&rsquo;\u00e9tranger Jean-Paul TISSIER Secr\u00e9taire Patricia [&hellip;]<\/p>\n","protected":false},"author":1,"featured_media":0,"parent":299,"menu_order":3,"comment_status":"closed","ping_status":"closed","template":"","meta":{"ocean_post_layout":"","ocean_both_sidebars_style":"","ocean_both_sidebars_content_width":0,"ocean_both_sidebars_sidebars_width":0,"ocean_sidebar":"","ocean_second_sidebar":"","ocean_disable_margins":"enable","ocean_add_body_class":"","ocean_shortcode_before_top_bar":"","ocean_shortcode_after_top_bar":"","ocean_shortcode_before_header":"","ocean_shortcode_after_header":"","ocean_has_shortcode":"","ocean_shortcode_after_title":"","ocean_shortcode_before_footer_widgets":"","ocean_shortcode_after_footer_widgets":"","ocean_shortcode_before_footer_bottom":"","ocean_shortcode_after_footer_bottom":"","ocean_display_top_bar":"default","ocean_display_header":"default","ocean_header_style":"","ocean_center_header_left_menu":"","ocean_custom_header_template":"","ocean_custom_logo":0,"ocean_custom_retina_logo":0,"ocean_custom_logo_max_width":0,"ocean_custom_logo_tablet_max_width":0,"ocean_custom_logo_mobile_max_width":0,"ocean_custom_logo_max_height":0,"ocean_custom_logo_tablet_max_height":0,"ocean_custom_logo_mobile_max_height":0,"ocean_header_custom_menu":"","ocean_menu_typo_font_family":"","ocean_menu_typo_font_subset":"","ocean_menu_typo_font_size":0,"ocean_menu_typo_font_size_tablet":0,"ocean_menu_typo_font_size_mobile":0,"ocean_menu_typo_font_size_unit":"px","ocean_menu_typo_font_weight":"","ocean_menu_typo_font_weight_tablet":"","ocean_menu_typo_font_weight_mobile":"","ocean_menu_typo_transform":"","ocean_menu_typo_transform_tablet":"","ocean_menu_typo_transform_mobile":"","ocean_menu_typo_line_height":0,"ocean_menu_typo_line_height_tablet":0,"ocean_menu_typo_line_height_mobile":0,"ocean_menu_typo_line_height_unit":"","ocean_menu_typo_spacing":0,"ocean_menu_typo_spacing_tablet":0,"ocean_menu_typo_spacing_mobile":0,"ocean_menu_typo_spacing_unit":"","ocean_menu_link_color":"","ocean_menu_link_color_hover":"","ocean_menu_link_color_active":"","ocean_menu_link_background":"","ocean_menu_link_hover_background":"","ocean_menu_link_active_background":"","ocean_menu_social_links_bg":"","ocean_menu_social_hover_links_bg":"","ocean_menu_social_links_color":"","ocean_menu_social_hover_links_color":"","ocean_disable_title":"default","ocean_disable_heading":"default","ocean_post_title":"","ocean_post_subheading":"","ocean_post_title_style":"","ocean_post_title_background_color":"","ocean_post_title_background":0,"ocean_post_title_bg_image_position":"","ocean_post_title_bg_image_attachment":"","ocean_post_title_bg_image_repeat":"","ocean_post_title_bg_image_size":"","ocean_post_title_height":0,"ocean_post_title_bg_overlay":0.5,"ocean_post_title_bg_overlay_color":"","ocean_disable_breadcrumbs":"default","ocean_breadcrumbs_color":"","ocean_breadcrumbs_separator_color":"","ocean_breadcrumbs_links_color":"","ocean_breadcrumbs_links_hover_color":"","ocean_display_footer_widgets":"default","ocean_display_footer_bottom":"default","ocean_custom_footer_template":"","two_page_speed":[],"footnotes":""},"class_list":["post-4520","page","type-page","status-publish","hentry","entry"],"_links":{"self":[{"href":"https:\/\/www.anr36.fr\/index.php?rest_route=\/wp\/v2\/pages\/4520","targetHints":{"allow":["GET"]}}],"collection":[{"href":"https:\/\/www.anr36.fr\/index.php?rest_route=\/wp\/v2\/pages"}],"about":[{"href":"https:\/\/www.anr36.fr\/index.php?rest_route=\/wp\/v2\/types\/page"}],"author":[{"embeddable":true,"href":"https:\/\/www.anr36.fr\/index.php?rest_route=\/wp\/v2\/users\/1"}],"replies":[{"embeddable":true,"href":"https:\/\/www.anr36.fr\/index.php?rest_route=%2Fwp%2Fv2%2Fcomments&post=4520"}],"version-history":[{"count":64,"href":"https:\/\/www.anr36.fr\/index.php?rest_route=\/wp\/v2\/pages\/4520\/revisions"}],"predecessor-version":[{"id":12235,"href":"https:\/\/www.anr36.fr\/index.php?rest_route=\/wp\/v2\/pages\/4520\/revisions\/12235"}],"up":[{"embeddable":true,"href":"https:\/\/www.anr36.fr\/index.php?rest_route=\/wp\/v2\/pages\/299"}],"wp:attachment":[{"href":"https:\/\/www.anr36.fr\/index.php?rest_route=%2Fwp%2Fv2%2Fmedia&parent=4520"}],"curies":[{"name":"wp","href":"https:\/\/api.w.org\/{rel}","templated":true}]}}