{"id":153,"date":"2014-01-20T11:30:19","date_gmt":"2014-01-20T10:30:19","guid":{"rendered":"http:\/\/www.anr36.fr\/anr\/?page_id=153"},"modified":"2025-04-29T18:19:06","modified_gmt":"2025-04-29T17:19:06","slug":"nous-rejoindre-2","status":"publish","type":"page","link":"https:\/\/www.anr36.fr\/?page_id=153","title":{"rendered":"Nous rejoindre"},"content":{"rendered":"<p>Si vous d\u00e9sirez adh\u00e9rer \u00e0 l&rsquo;ANR vous pouvez imprimer le bulletin d&rsquo;adh\u00e9sion en cliquant sur le lien ci-dessous.<\/p>\n<figure id=\"attachment_575\" aria-describedby=\"caption-attachment-575\" style=\"width: 300px\" class=\"wp-caption alignright\"><a href=\"https:\/\/www.anr36.fr\/anr\/wp-content\/uploads\/2014\/02\/DSCF7381.jpg\" target=\"_blank\" rel=\"noopener noreferrer\"><img loading=\"lazy\" decoding=\"async\" class=\"size-medium wp-image-575 \" src=\"https:\/\/www.anr36.fr\/anr\/wp-content\/uploads\/2014\/02\/DSCF7381-300x225.jpg\" alt=\"Bouges\" width=\"300\" height=\"225\" srcset=\"https:\/\/www.anr36.fr\/anr\/wp-content\/uploads\/2014\/02\/DSCF7381-300x225.jpg 300w, https:\/\/www.anr36.fr\/anr\/wp-content\/uploads\/2014\/02\/DSCF7381-400x300.jpg 400w, https:\/\/www.anr36.fr\/anr\/wp-content\/uploads\/2014\/02\/DSCF7381.jpg 1024w\" sizes=\"auto, (max-width: 300px) 100vw, 300px\" \/><\/a><figcaption id=\"caption-attachment-575\" class=\"wp-caption-text\">Bouges<\/figcaption><\/figure>\n<p>Nous le renvoyer \u00e0 l&rsquo;adresse suivante:<br \/>\nANR 36<br \/>\nMaison des Associations<br \/>\n34 Espace Mend\u00e8s-France<br \/>\n36000 CHATEAUROUX<\/p>\n<p><a href=\"https:\/\/www.anr36.fr\/anr\/wp-content\/uploads\/2023\/03\/Bulletin-dadhesion-2023.pdf\">Bulletin-d&rsquo;adhesion-2025.<\/a><\/p>\n<p><b>\u00a0 \u00a0 \u00a0 \u00a0 \u00a0 \u00a0BAREME A COMPTER DU 1er JANVIER 2023<\/b><\/p>\n<table class=\"tb-adhesion\">\n<tbody>\n<tr>\n<td class=\"info-td\" style=\"text-align: center;\" colspan=\"4\"><em>Abonnement \u00e0 La Voix de l&rsquo;ANR <\/em><\/td>\n<\/tr>\n<tr>\n<td width=\"47%\">Je m\u2019abonne \u00e0 la revue seule<\/td>\n<td colspan=\"3\" align=\"center\"><strong>22 \u20ac<\/strong><\/td>\n<\/tr>\n<tr>\n<td class=\"info-td\" style=\"text-align: center;\">Adh\u00e9sion<\/td>\n<td class=\"info-td\" width=\"20%\">Individuel(e)<\/td>\n<td class=\"info-td\" width=\"16%\">Couple<\/td>\n<\/tr>\n<tr>\n<td>J\u2019adh\u00e8re \u00e0 l\u2019association sans la revue<\/td>\n<td class=\"center\"><strong>23 \u20ac<\/strong><\/td>\n<td class=\"center\"><strong>37 \u20ac<\/strong><\/td>\n<\/tr>\n<tr>\n<td>Je m\u2019abonne \u00e0 la revue et j\u2019adh\u00e8re \u00e0 l\u2019association<\/td>\n<td class=\"center\"><strong>32 \u20ac<\/strong><\/td>\n<td class=\"center\"><strong>46 \u20ac<\/strong><\/td>\n<\/tr>\n<\/tbody>\n<\/table>\n<p>L&rsquo;adh\u00e9sion est valable pour l&rsquo;ann\u00e9e civile.<br \/>\nPour une adh\u00e9sion \u00e0 partir d&rsquo;octobre la cotisation sera per\u00e7ue apr\u00e8s le 1er janvier de l&rsquo;ann\u00e9e suivante.<br \/>\nEn cas de d\u00e9mission en cours d&rsquo;ann\u00e9e, il ne sera proc\u00e9d\u00e9 \u00e0 aucun remboursement.<\/p>\n","protected":false},"excerpt":{"rendered":"<p>Si vous d\u00e9sirez adh\u00e9rer \u00e0 l&rsquo;ANR vous pouvez imprimer le bulletin d&rsquo;adh\u00e9sion en cliquant sur le lien ci-dessous. Nous le renvoyer \u00e0 l&rsquo;adresse suivante: ANR 36 Maison des Associations 34 Espace Mend\u00e8s-France 36000 CHATEAUROUX Bulletin-d&rsquo;adhesion-2025. \u00a0 \u00a0 \u00a0 \u00a0 \u00a0 \u00a0BAREME A COMPTER DU 1er JANVIER 2023 Abonnement \u00e0 La Voix de l&rsquo;ANR Je m\u2019abonne [&hellip;]<\/p>\n","protected":false},"author":1,"featured_media":0,"parent":299,"menu_order":5,"comment_status":"closed","ping_status":"open","template":"","meta":{"ocean_post_layout":"","ocean_both_sidebars_style":"","ocean_both_sidebars_content_width":0,"ocean_both_sidebars_sidebars_width":0,"ocean_sidebar":"","ocean_second_sidebar":"","ocean_disable_margins":"enable","ocean_add_body_class":"","ocean_shortcode_before_top_bar":"","ocean_shortcode_after_top_bar":"","ocean_shortcode_before_header":"","ocean_shortcode_after_header":"","ocean_has_shortcode":"","ocean_shortcode_after_title":"","ocean_shortcode_before_footer_widgets":"","ocean_shortcode_after_footer_widgets":"","ocean_shortcode_before_footer_bottom":"","ocean_shortcode_after_footer_bottom":"","ocean_display_top_bar":"default","ocean_display_header":"default","ocean_header_style":"","ocean_center_header_left_menu":"","ocean_custom_header_template":"","ocean_custom_logo":0,"ocean_custom_retina_logo":0,"ocean_custom_logo_max_width":0,"ocean_custom_logo_tablet_max_width":0,"ocean_custom_logo_mobile_max_width":0,"ocean_custom_logo_max_height":0,"ocean_custom_logo_tablet_max_height":0,"ocean_custom_logo_mobile_max_height":0,"ocean_header_custom_menu":"","ocean_menu_typo_font_family":"","ocean_menu_typo_font_subset":"","ocean_menu_typo_font_size":0,"ocean_menu_typo_font_size_tablet":0,"ocean_menu_typo_font_size_mobile":0,"ocean_menu_typo_font_size_unit":"px","ocean_menu_typo_font_weight":"","ocean_menu_typo_font_weight_tablet":"","ocean_menu_typo_font_weight_mobile":"","ocean_menu_typo_transform":"","ocean_menu_typo_transform_tablet":"","ocean_menu_typo_transform_mobile":"","ocean_menu_typo_line_height":0,"ocean_menu_typo_line_height_tablet":0,"ocean_menu_typo_line_height_mobile":0,"ocean_menu_typo_line_height_unit":"","ocean_menu_typo_spacing":0,"ocean_menu_typo_spacing_tablet":0,"ocean_menu_typo_spacing_mobile":0,"ocean_menu_typo_spacing_unit":"","ocean_menu_link_color":"","ocean_menu_link_color_hover":"","ocean_menu_link_color_active":"","ocean_menu_link_background":"","ocean_menu_link_hover_background":"","ocean_menu_link_active_background":"","ocean_menu_social_links_bg":"","ocean_menu_social_hover_links_bg":"","ocean_menu_social_links_color":"","ocean_menu_social_hover_links_color":"","ocean_disable_title":"default","ocean_disable_heading":"default","ocean_post_title":"","ocean_post_subheading":"","ocean_post_title_style":"","ocean_post_title_background_color":"","ocean_post_title_background":0,"ocean_post_title_bg_image_position":"","ocean_post_title_bg_image_attachment":"","ocean_post_title_bg_image_repeat":"","ocean_post_title_bg_image_size":"","ocean_post_title_height":0,"ocean_post_title_bg_overlay":0.5,"ocean_post_title_bg_overlay_color":"","ocean_disable_breadcrumbs":"default","ocean_breadcrumbs_color":"","ocean_breadcrumbs_separator_color":"","ocean_breadcrumbs_links_color":"","ocean_breadcrumbs_links_hover_color":"","ocean_display_footer_widgets":"default","ocean_display_footer_bottom":"default","ocean_custom_footer_template":"","two_page_speed":[],"footnotes":""},"class_list":["post-153","page","type-page","status-publish","hentry","entry"],"_links":{"self":[{"href":"https:\/\/www.anr36.fr\/index.php?rest_route=\/wp\/v2\/pages\/153","targetHints":{"allow":["GET"]}}],"collection":[{"href":"https:\/\/www.anr36.fr\/index.php?rest_route=\/wp\/v2\/pages"}],"about":[{"href":"https:\/\/www.anr36.fr\/index.php?rest_route=\/wp\/v2\/types\/page"}],"author":[{"embeddable":true,"href":"https:\/\/www.anr36.fr\/index.php?rest_route=\/wp\/v2\/users\/1"}],"replies":[{"embeddable":true,"href":"https:\/\/www.anr36.fr\/index.php?rest_route=%2Fwp%2Fv2%2Fcomments&post=153"}],"version-history":[{"count":29,"href":"https:\/\/www.anr36.fr\/index.php?rest_route=\/wp\/v2\/pages\/153\/revisions"}],"predecessor-version":[{"id":12816,"href":"https:\/\/www.anr36.fr\/index.php?rest_route=\/wp\/v2\/pages\/153\/revisions\/12816"}],"up":[{"embeddable":true,"href":"https:\/\/www.anr36.fr\/index.php?rest_route=\/wp\/v2\/pages\/299"}],"wp:attachment":[{"href":"https:\/\/www.anr36.fr\/index.php?rest_route=%2Fwp%2Fv2%2Fmedia&parent=153"}],"curies":[{"name":"wp","href":"https:\/\/api.w.org\/{rel}","templated":true}]}}