{"id":141,"date":"2014-01-20T10:56:35","date_gmt":"2014-01-20T09:56:35","guid":{"rendered":"http:\/\/www.anr36.fr\/anr\/?page_id=141"},"modified":"2021-11-03T08:04:06","modified_gmt":"2021-11-03T07:04:06","slug":"qui-sommes-nous","status":"publish","type":"page","link":"https:\/\/www.anr36.fr\/?page_id=141","title":{"rendered":"Qui Sommes Nous"},"content":{"rendered":"<p><strong>\u00a0<\/strong><\/p>\n\n\n<p><strong>En 1927, Firmin VIDAL<\/strong>, ancien postier, cr\u00e9e l&rsquo;Association G\u00e9n\u00e9rales des Retrait\u00e9s des PTT, pour pr\u00e9server une retraite correcte et des prestations sociales convenables. Elle deviendra au fil du temps, l&rsquo;Association Nationale de Retrait\u00e9s (ANR) ouverte \u00e0 tous et reconnue d\u2019int\u00e9r\u00eat g\u00e9n\u00e9rale.<\/p>\n\n\n\n<p>Aujourd\u2019hui, nous sommes pr\u00e8s de 80000 adh\u00e9rents r\u00e9partis en 101 groupes sur tous nos territoires, m\u00e9tropole et ultramarins.<\/p>\n\n\n\n<p>Dans l\u2019Indre&nbsp;, nous comptons autour de 540 adh\u00e9rents issus de tous les horizons, fonction publique ou secteur priv\u00e9.<\/p>\n\n\n\n<p>Nos objectifs&nbsp;:<\/p>\n\n\n\n<ul class=\"wp-block-list\"><li><strong>Nous retrouver&nbsp;:<\/strong><ul><li>Toutes les occasions sont bonnes pour nous retrouver lors des \u00e9v\u00e8nements organis\u00e9s par nos b\u00e9n\u00e9voles&nbsp;: galette des rois, sorties champ\u00eatres, randonn\u00e9es, jeux de soci\u00e9t\u00e9s, visites de mus\u00e9es, voyages en France ou hors de France etc&#8230;<\/li><\/ul><\/li><li><strong>S\u2019informer&nbsp;:<\/strong><ul><li>Le magazine national <strong>\u00ab&nbsp;La Voix de l\u2019ANR&nbsp;\u00bb <\/strong>apporte toutes les informations du national, sur la vie des groupes et de l\u2019\u00e9volution des retraites. Le groupe de l\u2019Indre publie \u00e9galement son bulletin <strong>\u00ab&nbsp;36 derni\u00e8res&nbsp;\u00bb<\/strong> qui permet de maintenir le contact avec les adh\u00e9rents. Le site internet \u00ab&nbsp;<strong>www.anr36.fr<\/strong>&nbsp;\u00bb est un autre moyen de conserver un haut niveau d\u2019informations.<\/li><\/ul><\/li><li><strong>Se d\u00e9fendre&nbsp;:<\/strong><ul><li>La force que repr\u00e9sente le nombre des adh\u00e9rents nous permet de peser pour d\u00e9fendre les int\u00e9r\u00eats des retrait\u00e9s en portant les revendications sp\u00e9cifiques et g\u00e9n\u00e9rales avec les autres associations de retrait\u00e9s qui \u0153uvrent dans le m\u00eame sens.<\/li><\/ul><\/li><li><strong>S\u2019entraider&nbsp;:<\/strong><ul><li>En cr\u00e9ant et en entretenant des liens d\u2019amiti\u00e9s et de solidarit\u00e9 nous apportons une aide morale \u00e0 ceux qui peuvent se trouver en difficult\u00e9 physique ou morale. Nous avons gard\u00e9 un contact avec nos adh\u00e9rents les plus \u00e2g\u00e9s dans ces temps de pand\u00e9mie ou de canicule qui ont g\u00e9n\u00e9r\u00e9 des situations d\u2019isolement traumatisantes.<\/li><\/ul><\/li><li><strong>Se pr\u00e9munir&nbsp;:<\/strong><ul><li>Afin de proposer une solution de pr\u00e9voyance l\u2019ANR a cr\u00e9\u00e9 une mutuelle \u00e0 destination de ses adh\u00e9rents&nbsp;: \u00ab&nbsp;Amicale-Vie&nbsp;\u00bb.<\/li><\/ul><\/li><\/ul>\n\n\n\n<p>Amis retrait\u00e9s ou pr\u00e9-retrait\u00e9s, si vous \u00eates int\u00e9ress\u00e9s par le programme et nos valeurs contactez l\u2019ANR 36, par mail, t\u00e9l\u00e9phone ou en passant \u00e0 la permanence du mardi apr\u00e8s-midi, vous aurez toutes les informations n\u00e9cessaires.<\/p>\n","protected":false},"excerpt":{"rendered":"<p>\u00a0 En 1927, Firmin VIDAL, ancien postier, cr\u00e9e l&rsquo;Association G\u00e9n\u00e9rales des Retrait\u00e9s des PTT, pour pr\u00e9server une retraite correcte et des prestations sociales convenables. Elle deviendra au fil du temps, l&rsquo;Association Nationale de Retrait\u00e9s (ANR) ouverte \u00e0 tous et reconnue d\u2019int\u00e9r\u00eat g\u00e9n\u00e9rale. Aujourd\u2019hui, nous sommes pr\u00e8s de 80000 adh\u00e9rents r\u00e9partis en 101 groupes sur tous [&hellip;]<\/p>\n","protected":false},"author":1,"featured_media":0,"parent":299,"menu_order":1,"comment_status":"closed","ping_status":"open","template":"","meta":{"ocean_post_layout":"","ocean_both_sidebars_style":"","ocean_both_sidebars_content_width":0,"ocean_both_sidebars_sidebars_width":0,"ocean_sidebar":"","ocean_second_sidebar":"","ocean_disable_margins":"enable","ocean_add_body_class":"","ocean_shortcode_before_top_bar":"","ocean_shortcode_after_top_bar":"","ocean_shortcode_before_header":"","ocean_shortcode_after_header":"","ocean_has_shortcode":"","ocean_shortcode_after_title":"","ocean_shortcode_before_footer_widgets":"","ocean_shortcode_after_footer_widgets":"","ocean_shortcode_before_footer_bottom":"","ocean_shortcode_after_footer_bottom":"","ocean_display_top_bar":"default","ocean_display_header":"default","ocean_header_style":"","ocean_center_header_left_menu":"","ocean_custom_header_template":"","ocean_custom_logo":0,"ocean_custom_retina_logo":0,"ocean_custom_logo_max_width":0,"ocean_custom_logo_tablet_max_width":0,"ocean_custom_logo_mobile_max_width":0,"ocean_custom_logo_max_height":0,"ocean_custom_logo_tablet_max_height":0,"ocean_custom_logo_mobile_max_height":0,"ocean_header_custom_menu":"","ocean_menu_typo_font_family":"","ocean_menu_typo_font_subset":"","ocean_menu_typo_font_size":0,"ocean_menu_typo_font_size_tablet":0,"ocean_menu_typo_font_size_mobile":0,"ocean_menu_typo_font_size_unit":"px","ocean_menu_typo_font_weight":"","ocean_menu_typo_font_weight_tablet":"","ocean_menu_typo_font_weight_mobile":"","ocean_menu_typo_transform":"","ocean_menu_typo_transform_tablet":"","ocean_menu_typo_transform_mobile":"","ocean_menu_typo_line_height":0,"ocean_menu_typo_line_height_tablet":0,"ocean_menu_typo_line_height_mobile":0,"ocean_menu_typo_line_height_unit":"","ocean_menu_typo_spacing":0,"ocean_menu_typo_spacing_tablet":0,"ocean_menu_typo_spacing_mobile":0,"ocean_menu_typo_spacing_unit":"","ocean_menu_link_color":"","ocean_menu_link_color_hover":"","ocean_menu_link_color_active":"","ocean_menu_link_background":"","ocean_menu_link_hover_background":"","ocean_menu_link_active_background":"","ocean_menu_social_links_bg":"","ocean_menu_social_hover_links_bg":"","ocean_menu_social_links_color":"","ocean_menu_social_hover_links_color":"","ocean_disable_title":"default","ocean_disable_heading":"default","ocean_post_title":"","ocean_post_subheading":"","ocean_post_title_style":"","ocean_post_title_background_color":"","ocean_post_title_background":0,"ocean_post_title_bg_image_position":"","ocean_post_title_bg_image_attachment":"","ocean_post_title_bg_image_repeat":"","ocean_post_title_bg_image_size":"","ocean_post_title_height":0,"ocean_post_title_bg_overlay":0.5,"ocean_post_title_bg_overlay_color":"","ocean_disable_breadcrumbs":"default","ocean_breadcrumbs_color":"","ocean_breadcrumbs_separator_color":"","ocean_breadcrumbs_links_color":"","ocean_breadcrumbs_links_hover_color":"","ocean_display_footer_widgets":"default","ocean_display_footer_bottom":"default","ocean_custom_footer_template":"","two_page_speed":{"previous_score":{"status":"error_no_score"}},"footnotes":""},"class_list":["post-141","page","type-page","status-publish","hentry","entry"],"_links":{"self":[{"href":"https:\/\/www.anr36.fr\/index.php?rest_route=\/wp\/v2\/pages\/141","targetHints":{"allow":["GET"]}}],"collection":[{"href":"https:\/\/www.anr36.fr\/index.php?rest_route=\/wp\/v2\/pages"}],"about":[{"href":"https:\/\/www.anr36.fr\/index.php?rest_route=\/wp\/v2\/types\/page"}],"author":[{"embeddable":true,"href":"https:\/\/www.anr36.fr\/index.php?rest_route=\/wp\/v2\/users\/1"}],"replies":[{"embeddable":true,"href":"https:\/\/www.anr36.fr\/index.php?rest_route=%2Fwp%2Fv2%2Fcomments&post=141"}],"version-history":[{"count":5,"href":"https:\/\/www.anr36.fr\/index.php?rest_route=\/wp\/v2\/pages\/141\/revisions"}],"predecessor-version":[{"id":7495,"href":"https:\/\/www.anr36.fr\/index.php?rest_route=\/wp\/v2\/pages\/141\/revisions\/7495"}],"up":[{"embeddable":true,"href":"https:\/\/www.anr36.fr\/index.php?rest_route=\/wp\/v2\/pages\/299"}],"wp:attachment":[{"href":"https:\/\/www.anr36.fr\/index.php?rest_route=%2Fwp%2Fv2%2Fmedia&parent=141"}],"curies":[{"name":"wp","href":"https:\/\/api.w.org\/{rel}","templated":true}]}}