{"id":1214,"date":"2026-04-10T07:00:55","date_gmt":"2026-04-10T06:00:55","guid":{"rendered":"http:\/\/www.anr36.fr\/?page_id=1214"},"modified":"2026-04-10T08:11:08","modified_gmt":"2026-04-10T07:11:08","slug":"programme-2015","status":"publish","type":"page","link":"https:\/\/www.anr36.fr\/?page_id=1214","title":{"rendered":"Programme 2026"},"content":{"rendered":"<p>ch\u00e8re <strong><span style=\"font-size: large;\">adh\u00e9rente, cher adh\u00e9rent, bonjour.<\/span><\/strong><\/p>\n<h6><strong><span style=\"font-size: large;\">Les bienfaits de la marche ne sont plus \u00e0 prouver tant sur le plan physique que sur le plan mental.<\/span><span style=\"font-size: large;\">Les adh\u00e9rents ne s\u2019y sont pas tromp\u00e9s puisqu\u2019ils viennent, de plus en plus nombreux s\u2019oxyg\u00e9ner et passer un bon moment le mardi en joyeuse compagnie .<\/span><span style=\"font-size: large;\">Alors, \u00e0 votre tour, n\u2019h\u00e9sitez pas \u00e0 venir nous rejoindre\u00a0!<\/span><span style=\"font-size: large;\">En tant qu\u2019adh\u00e9rent de l\u2019ANR36, sachez que vous pouvez venir m\u00eame pour une participation occasionnelle, il n\u2019y a aucune obligation de r\u00e9gularit\u00e9, ni besoin de pr\u00e9venir.<\/span><\/strong><\/h6>\n<h6><strong><span style=\"font-size: large;\">Il suffit d\u2019\u00eatre au lieu de rendez vous un peu avant <\/span><span style=\"font-size: large;\"><u>les horaires indiqu\u00e9s qui sont ceux du d\u00e9part \u00e0 pied<\/u><\/span><span style=\"font-size: large;\">.<\/span><\/strong><\/h6>\n<div class=\"content noI18n colorQuoted\">\n<div id=\"ox-a4af7b74d3\">\n<div dir=\"ltr\">\n<div>Le calendrier 2025\/2026 est reconduit sur la m\u00eame chronologie et les m\u00eames groupes.<\/div>\n<div>&#8211; <strong>Parcours tranquille<\/strong> pour ceux qui souhaitent \u00e9viter les passages de foss\u00e9s et rester sur des chemins faciles \u00e0 une vitesse de promenade pour 4 \u00e0 4,5km-<\/div>\n<div><strong>-Petit parcours<\/strong> pour ceux qui peuvent marcher \u00e0 environ 4,5km\/h et ne craignent pas de franchir un ou deux foss\u00e9s et de trouver quelques pierres ou racines et qui souhaitent faire entre 5 et 8 km les parcours offrant plusieurs choix. Merci \u00e0 ceux qui peuvent marcher dans ce groupe de ne pas aller avec le parcours tranquille qui est fait pour ceux qui vont moins vite. &#8211;<\/div>\n<div>&#8211; <strong>Grands parcours<\/strong> pour ceux qui souhaitent faire entre 12 et 14 km \u00e0 une cadence plus soutenue sur tout type de chemins.<\/div>\n<div>\u00a0<\/div>\n<\/div>\n<\/div>\n<\/div>\n<div>\n<div>Jean Fran\u00e7ois Plat a pr\u00e9par\u00e9 deux documents informatifs tr\u00e8s int\u00e9ressants .<\/div>\n<div>Le premier sur les Tiques \u00a0<a href=\"https:\/\/www.anr36.fr\/anr\/wp-content\/uploads\/2025\/05\/TIQUES-et-RANDONNEURS-allege.pdf\">TIQUES-et-RANDONNEURS-allege.<\/a><\/div>\n<div>Le second sur les plantes dont il faut se m\u00e9fier.<a href=\"https:\/\/www.anr36.fr\/anr\/wp-content\/uploads\/2025\/05\/Plantes-toxiques.pdf\">\u00a0 Plantes-toxiques.<\/a><\/div>\n<div>\u00a0<\/div>\n<div>Je vous fait donc suivre \u00e0 titre d&rsquo;information. Grand merci \u00e0 Jean Fran\u00e7ois qui a fait pour nous des recherches sur internet et en a fait un condens\u00e9 dans ces documents.<\/div>\n<div>\u00a0<\/div>\n<div>J&rsquo;y ajoute la photo de l&rsquo;affiche que l&rsquo;on trouve en for\u00eat \u00e0 propos des tiques (prise \u00e0 Chevaru en septembre, mais je l&rsquo;ai vue ailleurs depuis). \u00a0\u00a0 \u00a0<a href=\"https:\/\/www.anr36.fr\/anr\/wp-content\/uploads\/2025\/05\/affiche-tiques-scaled.jpg\">affiche-tiques-<\/a><\/div>\n<\/div>\n<div class=\"content noI18n colorQuoted\">\n<div id=\"ox-a4af7b74d3\">\n<div dir=\"ltr\">\n<div>\u00a0<\/div>\n<div>\n<h3 align=\"CENTER\"><b>Calendrier ANR-36 des marches du mardi\u00a0 2026.<\/b><\/h3>\n<ul>\n<li>7<span style=\"color: #18a303;\"><span style=\"font-family: Arial, sans-serif;\"><span style=\"font-size: small;\">&#8211; Les mardis 31 mars et <\/span><span style=\"font-size: small;\">07, 14<\/span><span style=\"font-size: small;\">, 21, 28 Avril 2026 et 05 mai 2026 d\u00e9part du carrefour des DRUIDES \u00e0 14h15.<a href=\"https:\/\/www.anr36.fr\/anr\/wp-content\/uploads\/2026\/03\/Point-de-RDV-Les-Druides.jpg\">Point-de-RDV-Les-Druides.<\/a><\/span><\/span><\/span><\/li>\n<li>\n<p>8<span style=\"font-size: small; font-family: Arial, sans-serif; color: #18a303;\">&#8211; Les mardis 12 et 19 et 26 mai 2026 d\u00e9part de NOTRE DAME du CH\u00caNE \u00e0 14h15.<\/span><\/p>\n<\/li>\n<li><span style=\"color: #18a303;\"><span style=\"font-family: Arial, sans-serif;\"><span style=\"font-size: small;\">9-Les mardis 02 et 10 juin 2026 d\u00e9part du carrefour Robinson \u00e0 14h15.<\/span><\/span><\/span><\/li>\n<\/ul>\n<p><span style=\"font-family: Arial, sans-serif;\"><span style=\"font-size: small;\">&#8211; Le Mardi 16 juin 2026 d\u00e9parts du parking de l\u2019\u00e9tang de Berthommiers \u00e0 8h30, 9h30 et 10h30 suivi d\u2019un pique nique sur place et l\u2019apr\u00e8s midi p\u00e9tanque, belote ou marche.<\/span><\/span><\/p>\n<div>\n<div>Bonjour \u00e0 tous\u00a0 \u00a0 \u00a0 \u00a0 Jean Forest vient de me communiquer le programme de notre week-end \u00e0 Bergerac.<\/div>\n<div>\u00a0<\/div>\n<div>Nous sommes attendus le\u00a0<b>vendredi 15 mai\u00a0<\/b>\u00e0 Lembras\u00a0<b>1<\/b>\u00a0pour manger avec le groupe local, en principe nous n&rsquo;avons rien \u00e0 pr\u00e9voir. L&rsquo;apr\u00e8s midi rando sur Lembras d&rsquo;environ 8km puis repas du soir \u00e0 la guinguette du lac de Pombonne \u00e0 Bergerac\u00a0<b>2<\/b> ou nous avions \u00e9t\u00e9 la derni\u00e8re fois.\u00a0<\/div>\n<div>R\u00e9partition dans les lieux d\u2019h\u00e9bergement, pour l\u2019H\u00f4tel je n&rsquo;ai pas encore l&rsquo;info, peut \u00eatre ibis mais pas sur.<\/div>\n<div>Je vous ferai suivre la liste de r\u00e9partition des h\u00e9bergement que nous avons vue avec Jean par t\u00e9l\u00e9phone pour que vous me confirmiez que c&rsquo;est juste.<a href=\"https:\/\/www.anr36.fr\/anr\/wp-content\/uploads\/2026\/02\/carte-week-end-Bergerac-2026.jpg\">\u00a0 \u00a0 carte-week-end-Bergerac-2026.<\/a><\/div>\n<div>\u00a0<\/div>\n<div><b>Samedi 16 mai<\/b>\u00a0visite surprise le matin avec repas sur place, 43,80\u20ac visite plus repas.<\/div>\n<div>l&rsquo;apr\u00e8s-midi Visite du moulin de la Veyssi\u00e8re\u00a0<b>3<\/b>\u00a0en activit\u00e9\u00a0noix et noisettes\u00a0(journ\u00e9e des moulins ce jour la) , 6,50\u20ac puis petite rando digestive vers le parc du ch\u00e2teau, 4 \u00e0 5km aller et retour.<\/div>\n<div>Le soir repas champ\u00eatre chez Jean et si mauvais temps le Club House proche. Nous sommes invit\u00e9s. \u00a0\u00a0 <a href=\"https:\/\/www.anr36.fr\/anr\/wp-content\/uploads\/2026\/02\/carte-week-end-Bergerac-2026.jpg\">carte-week-end-Bergerac-2026<\/a><\/div>\n<div>\u00a0<\/div>\n<div><b>Dimanche 17 mai<\/b>\u00a0 le groupe nous accompagne au mus\u00e9e de la m\u00e9decine \u00e0 Hautefort\u00a0<b>4<\/b>, entre P\u00e9rigueux et Brive, 6\u20ac puis repas 30\u20ac \u00e0 Excideuil\u00a0<b>5<\/b>, et visite\u00a0 8,50\u20ac\u00a0de la grotte de Tourtoirac\u00a0<b>6<\/b>, et retour vers Ch\u00e2teauroux. \u00a0\u00a0<a href=\"https:\/\/www.anr36.fr\/anr\/wp-content\/uploads\/2026\/02\/carte-week-end-Bergerac-2026.jpg\">carte-week-end-Bergerac-2026.<\/a><\/div>\n<div>\u00a0<\/div>\n<div>\u00a0<\/div>\n<div><strong>SCRABLE<\/strong> :\u00a0<\/div>\n<\/div>\n<div>\n<div>L\u2019activit\u00e9 a lieu le dernier vendredi de chaque mois \u00e0 partir de 14h, sauf durant les p\u00e9riodes de vacances <br \/>scolaires, dans la salle n\u00b02 de la Maison des Associations 34 Espace Mend\u00e8s France \u00e0 Ch\u00e2teauroux.\u00a0<\/div>\n<\/div>\n<div>\u00a0<\/div>\n<div><strong>CLUB DE BRIDGES a CHATEAUROUX<\/strong><br \/>Si vous souhaitez jouer au bridge, merci de vous manifester en vous inscrivant aupr\u00e8s du secr\u00e9tariat.<\/div>\n<div>\n<div>\u00a0<\/div>\n<div>\u00a0<\/div>\n<\/div>\n<p><strong>SORTIES CHAMPETRES\u00a0 \u00a0 SCOURY : 28\/05\/2026<br \/><\/strong>3 parcours vous sont propos\u00e9s : 14,3 km d\u00e9part 8h30\u00a0 \u00a0-10,8 km d\u00e9part 9h30\u00a0 -4,2 km d\u00e9part 10h00 <br \/>Suivi d\u2019un d\u00e9jeuner au restaurant \u00ab Les Rives de la Creuse \u00bb \u00e0 Scoury. <br \/>Prix du repas 25 euros &#8211; Ap\u00e9ro\/caf\u00e9\/vin compris &#8211; Repas limit\u00e9 \u00e0 60 personnes <br \/>Et pour ceux qui le souhaitent l\u2019apr\u00e8s midi visite du prieur\u00e9 Notre Dame de Longefont pour le prix de 7 euros (ch\u00e8que de 25 euros ou 32 euros suivant votre choix) \u2013 Nombre limit\u00e9 \u00e0 45 personnes <br \/>Inscription \u00e0 l\u2019aide du coupon-r\u00e9ponse ci-dessous Avant le Mardi 19 mai 2026\u00a0\u00a0<a href=\"https:\/\/www.anr36.fr\/anr\/wp-content\/uploads\/2026\/04\/coupons-reponses-mars-2026.pdf\">coupons-reponses-mars-2026.<\/a><\/p>\n<p><br \/><strong>RENCONTRE AVEC LE GROUPE DE BERGERAC:\u00a0 MAI 2026<\/strong><br \/>Dans la continuit\u00e9 de nos rencontres \u00e0 Bergerac en 2023 puis \u00e0 Ch\u00e2teauroux en 2024, le groupe de Bergerac envisage de nous recevoir en 2026, probablement <strong>le week-end du 15 au 17 mai 2026.<\/strong> <br \/>Nous serions h\u00e9berg\u00e9s dans les familles dans la mesure du possible ou ailleurs pour certains, si le groupe d\u00e9passe leurs possibilit\u00e9s. Nous nous regrouperons dans les voitures pour le trajet. A ce jour 17 participants<\/p>\n<p>Programme 2026 :<a href=\"https:\/\/www.anr36.fr\/anr\/wp-content\/uploads\/2026\/04\/programme-Bergerac-15-16-17-MAI-09mars.pdf\">programme-Bergerac-15-16-17-MAI-2026<\/a><\/p>\n<p><strong>FORET DE TRONCAIS : 18\/06\/2026<\/strong> &#8211; Rencontre avec l\u2019Allier, le Cher et la Ni\u00e8vre\u00a0<br \/>Rdv au Rond Point de la Cave en F\u00f4ret de Tron\u00e7ais <br \/>2 parcours propos\u00e9s : -7 km d\u00e9part \u00e0 9h00 -5 km d\u00e9part vers 11h00 <br \/>Pr\u00e9voir Pique-Nique avec vos tables et vos chaises \u2013 Ap\u00e9ritif offert .<br \/>Pour ceux qui ne souhaitent pas marcher Rdv pour midi sur place\u00a0 Inscription \u00e0 l\u2019aide du coupon-r\u00e9ponse ci-dessous\u00a0<\/p>\n<p><strong>Avant le Mardi 9 juin \u00a0\u00a0<\/strong> \u00a0<a href=\"https:\/\/www.anr36.fr\/anr\/wp-content\/uploads\/2026\/04\/coupons-reponses-mars-2026.pdf\">coupons-reponses-mars-2026.<\/a>\u00a0 \u00a0<\/p>\n<p><strong>ACTIVITES : LES BODIN\u2019S &#8211; JEUDI 16 JUILLET 2026\u00a0 \u00a0COMPLET<\/strong><br \/>Pour vous distraire, nous vous proposons une soir\u00e9e \u00e0 Descartes en Indre et Loire, le jeudi 16 juillet 2026, <br \/>pour le spectacle \u00ab Les Bodin\u2019s \u00bb Grandeur Nature. Le d\u00e9part sera de Ch\u00e2teauroux \u00e0 17h et retour \u00e0 Ch\u00e2teauroux,\u00a0 \u00a0 \u00a0 \u00a0 \u00a0 \u00a0 \u00a0 \u00a0 \u00a0 \u00a0 \u00a0 \u00a0 \u00a0 \u00a0Le vendredi 17 juillet \u00e0 4h. Nous vous pr\u00e9ciserons le lieu de d\u00e9part dans le prochain bulletin. <br \/>Vous pourrez vous restaurer avant cette animation, dans une ambiance chaleureuse et conviviale au\u00a0Restaurant \u00ab La Petite Escale \u00bb \u00e0 Boss\u00e9e. <br \/>Le prix de cette soir\u00e9e est de 94\u20ac par personne tout compris pour 45 participants.\u00a0<a href=\"https:\/\/www.anr36.fr\/anr\/wp-content\/uploads\/2026\/04\/coupons-reponses-mars-2026.pdf\">coupons-reponses-mars-2026\u00a0<\/a><\/p>\n<p>45 inscrits \u2013 Pour les personnes inscrites n\u2019ayant pas pay\u00e9 le 1er acompte vous pouvez r\u00e9gler la totalit\u00e9 soit 94 euros <br \/>Pour ceux qui ont vers\u00e9 le 1ER acompte de 40 euros, le solde \u00e0 verser est de 54 euros. <br \/>A l\u2019aide du coupon-r\u00e9ponse ci-dessous<strong> Avant le Mardi 26 mai 2026<\/strong> <br \/><strong>SPECTACLE LE PARADIS LATIN :<\/strong> <br \/>L\u2019organisme d\u2019entraide (Francine Lothe) organise une sortie le dimanche 22 novembre au Paradis Latin \u00e0 PARIS. <br \/>Si vous \u00eates int\u00e9ress\u00e9s, contacter Mme Francine Lothe au : 06.83.74.84.55 apr\u00e8s le 12 mars 2026.<\/p>\n<p><strong>LE PUY DU FOU :DU SAMEDI 27 AU 29 JUIN 2026<\/strong><br \/>L\u2019organisme d\u2019entraide (Francine Lothe) organise une sortie au Puy du Fou au prix de 350\u20ac, du samedi 27 juin au lundi 29 Juin 2026. <br \/>Inscription au plus tard le 25 d\u00e9cembre 2025 en envoyant un ch\u00e8que de 100\u20ac \u00e0 l\u2019ordre de l\u2019ODEPTT. Si vous \u00eates int\u00e9ress\u00e9s, contacter Mme Francine Lothe au : 06.83.74.84.55<a href=\"https:\/\/www.anr36.fr\/anr\/wp-content\/uploads\/2025\/11\/Programme-Puy-du-Fou.pdf\">\u00a0 \u00a0 Programme-Puy-du-Fou.\u00a0<\/a> \u00a0\u00a0 \u00a0\u00a0 \u00a0<a href=\"https:\/\/www.anr36.fr\/anr\/wp-content\/uploads\/2025\/11\/Inscription-uy-du-Fou.pdf\">Inscription-puy-du-Fou.<\/a><\/p>\n<p><strong>L\u2019AVENTURE MICHELIN : 10 septembre 2026<\/strong> <br \/>Une journ\u00e9e vous est propos\u00e9e \u00e0 Clermont-Ferrand pour une visite du Mus\u00e9e suivie d\u2019un repas au Volcan de Lempt\u00e9gy et ensuite visite en petit train. <br \/>Visite Michelin, puis d\u00e9jeuner au restaurant \u00e0 Lempt\u00e9gy \u00e0 12h30 <br \/>Visite du volcan en petit train pour une dur\u00e9e de 2h30 .D\u00e9part de Lempt\u00e9gy \u00e0 18h30 pour une arriv\u00e9e \u00e0 Ch\u00e2teauroux \u00e0 21h15 <br \/>Cette journ\u00e9e vous est propos\u00e9e au prix de 93 euros par personne tout compris pour un car de 40 personnes. Si moins de 40 le prix sera plus \u00e9lev\u00e9. <br \/>Un acompte de 40 euros est demand\u00e9 pour le 24 avril \u00e0 l\u2019aide du coupon r\u00e9ponse ci-joint Inscription \u00e0 l\u2019aide du coupon-r\u00e9ponse ci-dessous <strong>Avant le Vendredi 24 avril 2026\u00a0<a href=\"https:\/\/www.anr36.fr\/anr\/wp-content\/uploads\/2026\/04\/coupons-reponses-mars-2026.pdf\">\u00a0 coupons-reponses-mars-2026.<\/a><\/strong><\/p>\n<p><strong>VOYAGE ANCV :DU 26 SEPTEMBRE AU 03 OCTOBRE 2026<\/strong><br \/>Le s\u00e9jour \u00ab seniors en vacances \u00bb de 2026, aura lieu du 26 septembre au 3 octobre 2026, au village \u00ab La <br \/>Bussi\u00e8re \u00bb \u00e0 Labeaume en Ard\u00e8che.<a href=\"https:\/\/www.anr36.fr\/anr\/wp-content\/uploads\/2025\/11\/1-Ardeche-2026.pdf\">1-Ardeche-2026.<\/a> \u00a0\u00a0 \u00a0\u00a0 <a href=\"https:\/\/www.anr36.fr\/anr\/wp-content\/uploads\/2025\/11\/2-Ardeche-2026.pdf\">2-Ardeche-2026.<\/a> \u00a0\u00a0 \u00a0\u00a0 \u00a0<br \/>Le prix du s\u00e9jour pour 8 jours et 7 nuits est de 800\u20ac. La chambre individuelle est au prix de 94\u20ac. <br \/>Les personnes participant au s\u00e9jour ANCV et ayant un r\u00e9gime alimentaire ou allergiques \u00e0 des aliments, merci d\u2019en informer Jo\u00eblle. <br \/>Les personnes \u00e9ligibles au programme peuvent b\u00e9n\u00e9ficier de l\u2019aide financi\u00e8re une fois par ann\u00e9e civile et par personne, sous condition de ressources et dans la limite des cr\u00e9dits disponibles de l\u2019ANCV. Le revenu imposable, mentionn\u00e9 sur votre dernier avis d&rsquo;imposition, doit \u00eatre inf\u00e9rieur au montant indiqu\u00e9 dans le tableau ci-dessous en fonction du nombre de parts fiscales. <br \/>&gt; Exemple : une personne seule (1 part fiscale) dont le revenu imposable est inf\u00e9rieur ou \u00e9gal \u00e0 17 066 \u20ac, sera \u00e9ligible \u00e0 l\u2019aide financi\u00e8re en fonction de la dur\u00e9e du s\u00e9jour.\u00a0 Nombre de Parts fiscales\u00a0<a href=\"https:\/\/www.anr36.fr\/anr\/wp-content\/uploads\/2026\/02\/Capture-decran_6-2-2026_8572_.jpeg\">Capture tableau 6-2-2026_<\/a><\/p>\n<p>Le solde sera demand\u00e9 au prochain bulletin pour les non-ayants droits \u00e0 l\u2019aide ANCV .Suite \u00e0 une nouvelle r\u00e8glementation de l\u2019ANCV, pour les participants qui ont droit \u00e0 l\u2019aide, obligation de fournir l\u2019avis d\u2019imposition, pour les non-ayant-droit fournir un justificatif de retraite.<\/p>\n<p class=\"ox-a4af7b74d3-gmail-western\"><span style=\"font-family: Arial, sans-serif;\">\u00a0 \u00a0 <strong>\u00a0<\/strong><\/span><span style=\"font-size: revert;\">.<\/span><span style=\"font-size: revert;\">\u00a0<\/span><strong style=\"font-size: revert;\">SEJOUR A L\u2019ETRANGER COMPLET : LES POUILLES du 5 au 12 Juin 2026 \u00a0\u00a0 <a href=\"https:\/\/www.anr36.fr\/anr\/wp-content\/uploads\/2025\/09\/Decouverte-des-Pouilles-en-et_oile.pdf\">Decouverte-des-Pouilles-en etoile<\/a><\/strong><\/p>\n<\/div>\n<\/div>\n<\/div>\n<\/div>\n<div>\n<p>\u00a0&#8211; D\u00e9part de l\u2019A\u00e9roport de Ch\u00e2teauroux\u00a0 \u00a0Prix tout compris : 1819 euros\u00a0 \u00a0 \u00a0Chambre single : 280 euros en plus\u00a0 Pour cette destination \u00ab Les Pouilles \u00bb, \u00e0 ce jour nous avons 35 inscrits avec le Cher. Vu la situation internationale il faut s\u2019attendre \u00e0 un solde plus important que pr\u00e9vu (hausse du prix du carburant)\u00a0 \u00a0Nous vous tiendrons inform\u00e9s ult\u00e9rieurement.<\/p>\n<p><strong>PREVISIONS 2027 :<\/strong> Voyages D\u00e9part de Ch\u00e2teauroux &#8211; &#8211; <br \/>La Corse <br \/>La Gr\u00e8ce<\/p>\n<\/div>\n\n\n<p><\/p>\n","protected":false},"excerpt":{"rendered":"<p>ch\u00e8re adh\u00e9rente, cher adh\u00e9rent, bonjour. Les bienfaits de la marche ne sont plus \u00e0 prouver tant sur le plan physique que sur le plan mental.Les adh\u00e9rents ne s\u2019y sont pas tromp\u00e9s puisqu\u2019ils viennent, de plus en plus nombreux s\u2019oxyg\u00e9ner et passer un bon moment le mardi en joyeuse compagnie .Alors, \u00e0 votre tour, n\u2019h\u00e9sitez pas [&hellip;]<\/p>\n","protected":false},"author":1,"featured_media":0,"parent":274,"menu_order":1,"comment_status":"closed","ping_status":"closed","template":"","meta":{"ocean_post_layout":"","ocean_both_sidebars_style":"","ocean_both_sidebars_content_width":0,"ocean_both_sidebars_sidebars_width":0,"ocean_sidebar":"","ocean_second_sidebar":"","ocean_disable_margins":"enable","ocean_add_body_class":"","ocean_shortcode_before_top_bar":"","ocean_shortcode_after_top_bar":"","ocean_shortcode_before_header":"","ocean_shortcode_after_header":"","ocean_has_shortcode":"","ocean_shortcode_after_title":"","ocean_shortcode_before_footer_widgets":"","ocean_shortcode_after_footer_widgets":"","ocean_shortcode_before_footer_bottom":"","ocean_shortcode_after_footer_bottom":"","ocean_display_top_bar":"default","ocean_display_header":"default","ocean_header_style":"","ocean_center_header_left_menu":"","ocean_custom_header_template":"","ocean_custom_logo":0,"ocean_custom_retina_logo":0,"ocean_custom_logo_max_width":0,"ocean_custom_logo_tablet_max_width":0,"ocean_custom_logo_mobile_max_width":0,"ocean_custom_logo_max_height":0,"ocean_custom_logo_tablet_max_height":0,"ocean_custom_logo_mobile_max_height":0,"ocean_header_custom_menu":"","ocean_menu_typo_font_family":"","ocean_menu_typo_font_subset":"","ocean_menu_typo_font_size":0,"ocean_menu_typo_font_size_tablet":0,"ocean_menu_typo_font_size_mobile":0,"ocean_menu_typo_font_size_unit":"px","ocean_menu_typo_font_weight":"","ocean_menu_typo_font_weight_tablet":"","ocean_menu_typo_font_weight_mobile":"","ocean_menu_typo_transform":"","ocean_menu_typo_transform_tablet":"","ocean_menu_typo_transform_mobile":"","ocean_menu_typo_line_height":0,"ocean_menu_typo_line_height_tablet":0,"ocean_menu_typo_line_height_mobile":0,"ocean_menu_typo_line_height_unit":"","ocean_menu_typo_spacing":0,"ocean_menu_typo_spacing_tablet":0,"ocean_menu_typo_spacing_mobile":0,"ocean_menu_typo_spacing_unit":"","ocean_menu_link_color":"","ocean_menu_link_color_hover":"","ocean_menu_link_color_active":"","ocean_menu_link_background":"","ocean_menu_link_hover_background":"","ocean_menu_link_active_background":"","ocean_menu_social_links_bg":"","ocean_menu_social_hover_links_bg":"","ocean_menu_social_links_color":"","ocean_menu_social_hover_links_color":"","ocean_disable_title":"default","ocean_disable_heading":"default","ocean_post_title":"","ocean_post_subheading":"","ocean_post_title_style":"","ocean_post_title_background_color":"","ocean_post_title_background":0,"ocean_post_title_bg_image_position":"","ocean_post_title_bg_image_attachment":"","ocean_post_title_bg_image_repeat":"","ocean_post_title_bg_image_size":"","ocean_post_title_height":0,"ocean_post_title_bg_overlay":0.5,"ocean_post_title_bg_overlay_color":"","ocean_disable_breadcrumbs":"default","ocean_breadcrumbs_color":"","ocean_breadcrumbs_separator_color":"","ocean_breadcrumbs_links_color":"","ocean_breadcrumbs_links_hover_color":"","ocean_display_footer_widgets":"default","ocean_display_footer_bottom":"default","ocean_custom_footer_template":"","two_page_speed":[],"footnotes":""},"class_list":["post-1214","page","type-page","status-publish","hentry","entry"],"_links":{"self":[{"href":"https:\/\/www.anr36.fr\/index.php?rest_route=\/wp\/v2\/pages\/1214","targetHints":{"allow":["GET"]}}],"collection":[{"href":"https:\/\/www.anr36.fr\/index.php?rest_route=\/wp\/v2\/pages"}],"about":[{"href":"https:\/\/www.anr36.fr\/index.php?rest_route=\/wp\/v2\/types\/page"}],"author":[{"embeddable":true,"href":"https:\/\/www.anr36.fr\/index.php?rest_route=\/wp\/v2\/users\/1"}],"replies":[{"embeddable":true,"href":"https:\/\/www.anr36.fr\/index.php?rest_route=%2Fwp%2Fv2%2Fcomments&post=1214"}],"version-history":[{"count":1599,"href":"https:\/\/www.anr36.fr\/index.php?rest_route=\/wp\/v2\/pages\/1214\/revisions"}],"predecessor-version":[{"id":13860,"href":"https:\/\/www.anr36.fr\/index.php?rest_route=\/wp\/v2\/pages\/1214\/revisions\/13860"}],"up":[{"embeddable":true,"href":"https:\/\/www.anr36.fr\/index.php?rest_route=\/wp\/v2\/pages\/274"}],"wp:attachment":[{"href":"https:\/\/www.anr36.fr\/index.php?rest_route=%2Fwp%2Fv2%2Fmedia&parent=1214"}],"curies":[{"name":"wp","href":"https:\/\/api.w.org\/{rel}","templated":true}]}}