{"id":10076,"date":"2023-09-19T16:06:34","date_gmt":"2023-09-19T15:06:34","guid":{"rendered":"https:\/\/www.anr36.fr\/?page_id=10076"},"modified":"2023-09-19T16:09:56","modified_gmt":"2023-09-19T15:09:56","slug":"politique-de-confidentialite","status":"publish","type":"page","link":"https:\/\/www.anr36.fr\/?page_id=10076","title":{"rendered":"Politique de confidentialit\u00e9"},"content":{"rendered":"\n<h2 class=\"wp-block-heading\">Pour vous offrir un meilleur service le site anr36.fr utilise des cookies<a href=\"https:\/\/anr42.fr\/index.php#\"><\/a><\/h2>\n\n\n\n<p>En naviguant sur ce site, vous acceptez la politique d&rsquo;utilisation des cookies<\/p>\n\n\n\n<h3 class=\"wp-block-heading\">Notre politique des cookies<\/h3>\n\n\n\n<p>Lors de la consultation du site, des cookies sont d\u00e9pos\u00e9s sur votre ordinateur. Cette section vous permet de mieux comprendre comment fonctionnent les cookies.<br>Qu\u2019est-ce qu\u2019un cookie ?<br>Un cookie d\u00e9signe un petit fichier texte que le serveur (le site) que vous visitez enregistre sur votre disque dur ou dans la m\u00e9moire de votre navigateur et qui permet \u00e0 votre ordinateur de stocker diff\u00e9rentes donn\u00e9es techniques permettant le contr\u00f4le g\u00e9n\u00e9ral de l&rsquo;acc\u00e8s du public au site<br>Et aussi de m\u00e9moriser votre connexion pour que vous n&rsquo;ayez pas a re-saisir vos codes \u00e0 chaque changement de page.<br>C&rsquo;est aussi gr\u00e2ce \u00e0 un cookie que vous n&rsquo;aurez l&rsquo;affichage de ce message qu&rsquo;une seule fois par an pour ce site.<br>Nous n&rsquo;y enregistrons pas de donn\u00e9es personnelles.<\/p>\n\n\n\n<p>Nous diffusons ce message pour \u00eatre en conformit\u00e9 avec les nouvelles r\u00e8gles de l&rsquo;UE.<\/p>\n","protected":false},"excerpt":{"rendered":"<p>Pour vous offrir un meilleur service le site anr36.fr utilise des cookies En naviguant sur ce site, vous acceptez la politique d&rsquo;utilisation des cookies Notre politique des cookies Lors de la consultation du site, des cookies sont d\u00e9pos\u00e9s sur votre ordinateur. Cette section vous permet de mieux comprendre comment fonctionnent les cookies.Qu\u2019est-ce qu\u2019un cookie ?Un [&hellip;]<\/p>\n","protected":false},"author":1,"featured_media":0,"parent":0,"menu_order":0,"comment_status":"closed","ping_status":"closed","template":"","meta":{"ocean_post_layout":"","ocean_both_sidebars_style":"","ocean_both_sidebars_content_width":0,"ocean_both_sidebars_sidebars_width":0,"ocean_sidebar":"","ocean_second_sidebar":"","ocean_disable_margins":"enable","ocean_add_body_class":"","ocean_shortcode_before_top_bar":"","ocean_shortcode_after_top_bar":"","ocean_shortcode_before_header":"","ocean_shortcode_after_header":"","ocean_has_shortcode":"","ocean_shortcode_after_title":"","ocean_shortcode_before_footer_widgets":"","ocean_shortcode_after_footer_widgets":"","ocean_shortcode_before_footer_bottom":"","ocean_shortcode_after_footer_bottom":"","ocean_display_top_bar":"default","ocean_display_header":"default","ocean_header_style":"","ocean_center_header_left_menu":"","ocean_custom_header_template":"","ocean_custom_logo":0,"ocean_custom_retina_logo":0,"ocean_custom_logo_max_width":0,"ocean_custom_logo_tablet_max_width":0,"ocean_custom_logo_mobile_max_width":0,"ocean_custom_logo_max_height":0,"ocean_custom_logo_tablet_max_height":0,"ocean_custom_logo_mobile_max_height":0,"ocean_header_custom_menu":"","ocean_menu_typo_font_family":"","ocean_menu_typo_font_subset":"","ocean_menu_typo_font_size":0,"ocean_menu_typo_font_size_tablet":0,"ocean_menu_typo_font_size_mobile":0,"ocean_menu_typo_font_size_unit":"px","ocean_menu_typo_font_weight":"","ocean_menu_typo_font_weight_tablet":"","ocean_menu_typo_font_weight_mobile":"","ocean_menu_typo_transform":"","ocean_menu_typo_transform_tablet":"","ocean_menu_typo_transform_mobile":"","ocean_menu_typo_line_height":0,"ocean_menu_typo_line_height_tablet":0,"ocean_menu_typo_line_height_mobile":0,"ocean_menu_typo_line_height_unit":"","ocean_menu_typo_spacing":0,"ocean_menu_typo_spacing_tablet":0,"ocean_menu_typo_spacing_mobile":0,"ocean_menu_typo_spacing_unit":"","ocean_menu_link_color":"","ocean_menu_link_color_hover":"","ocean_menu_link_color_active":"","ocean_menu_link_background":"","ocean_menu_link_hover_background":"","ocean_menu_link_active_background":"","ocean_menu_social_links_bg":"","ocean_menu_social_hover_links_bg":"","ocean_menu_social_links_color":"","ocean_menu_social_hover_links_color":"","ocean_disable_title":"default","ocean_disable_heading":"default","ocean_post_title":"","ocean_post_subheading":"","ocean_post_title_style":"","ocean_post_title_background_color":"","ocean_post_title_background":0,"ocean_post_title_bg_image_position":"","ocean_post_title_bg_image_attachment":"","ocean_post_title_bg_image_repeat":"","ocean_post_title_bg_image_size":"","ocean_post_title_height":0,"ocean_post_title_bg_overlay":0.5,"ocean_post_title_bg_overlay_color":"","ocean_disable_breadcrumbs":"default","ocean_breadcrumbs_color":"","ocean_breadcrumbs_separator_color":"","ocean_breadcrumbs_links_color":"","ocean_breadcrumbs_links_hover_color":"","ocean_display_footer_widgets":"default","ocean_display_footer_bottom":"default","ocean_custom_footer_template":"","two_page_speed":{"previous_score":{"desktop_score":86,"desktop_tti":"1.5\u00a0","mobile_score":60,"mobile_tti":"6.5\u00a0","date":"22.11.2023 02:49:16 pm","status":"completed"}},"footnotes":""},"class_list":["post-10076","page","type-page","status-publish","hentry","entry"],"_links":{"self":[{"href":"https:\/\/www.anr36.fr\/index.php?rest_route=\/wp\/v2\/pages\/10076","targetHints":{"allow":["GET"]}}],"collection":[{"href":"https:\/\/www.anr36.fr\/index.php?rest_route=\/wp\/v2\/pages"}],"about":[{"href":"https:\/\/www.anr36.fr\/index.php?rest_route=\/wp\/v2\/types\/page"}],"author":[{"embeddable":true,"href":"https:\/\/www.anr36.fr\/index.php?rest_route=\/wp\/v2\/users\/1"}],"replies":[{"embeddable":true,"href":"https:\/\/www.anr36.fr\/index.php?rest_route=%2Fwp%2Fv2%2Fcomments&post=10076"}],"version-history":[{"count":2,"href":"https:\/\/www.anr36.fr\/index.php?rest_route=\/wp\/v2\/pages\/10076\/revisions"}],"predecessor-version":[{"id":10078,"href":"https:\/\/www.anr36.fr\/index.php?rest_route=\/wp\/v2\/pages\/10076\/revisions\/10078"}],"wp:attachment":[{"href":"https:\/\/www.anr36.fr\/index.php?rest_route=%2Fwp%2Fv2%2Fmedia&parent=10076"}],"curies":[{"name":"wp","href":"https:\/\/api.w.org\/{rel}","templated":true}]}}